{"id":1272,"date":"2017-03-08T00:00:48","date_gmt":"2017-03-07T23:00:48","guid":{"rendered":"http:\/\/wurlitzer-shop.de\/shop\/wurlitzer-omt-vinyl\/plattenteller-motor\/"},"modified":"2025-12-16T18:40:31","modified_gmt":"2025-12-16T17:40:31","slug":"plattenteller-motor","status":"publish","type":"product","link":"https:\/\/wurlitzer-shop.de\/en\/shop\/wurlitzer-omt-vinyl\/plattenteller-motor\/","title":{"rendered":"Turntable &#8211; Motor"},"content":{"rendered":"<p>Beim Tausch des Motors ist auch der Kondensator zu tauschen, dieser wird mitgeliefert.<\/p>\n<p><span class=\"HwtZe\" lang=\"en\"><span class=\"jCAhz ChMk0b\"><span class=\"ryNqvb\">When replacing the motor, the capacitor must also be replaced; this is included.<\/span><\/span><\/span><\/p>\n<p><span class=\"HwtZe\" lang=\"fr\"><span class=\"jCAhz ChMk0b\"><span class=\"ryNqvb\">Lors du remplacement du moteur, le condensateur doit \u00e9galement \u00eatre remplac\u00e9 ; celui-ci est inclus.<\/span><\/span><\/span><\/p>\n","protected":false},"excerpt":{"rendered":"<p>incl. VAT, plus shipping<\/p>\n<h6><\/h6>\n","protected":false},"featured_media":9099,"template":"","meta":[],"product_cat":[69,115],"product_tag":[113,45,87],"_links":{"self":[{"href":"https:\/\/wurlitzer-shop.de\/en\/wp-json\/wp\/v2\/product\/1272"}],"collection":[{"href":"https:\/\/wurlitzer-shop.de\/en\/wp-json\/wp\/v2\/product"}],"about":[{"href":"https:\/\/wurlitzer-shop.de\/en\/wp-json\/wp\/v2\/types\/product"}],"wp:featuredmedia":[{"embeddable":true,"href":"https:\/\/wurlitzer-shop.de\/en\/wp-json\/wp\/v2\/media\/9099"}],"wp:attachment":[{"href":"https:\/\/wurlitzer-shop.de\/en\/wp-json\/wp\/v2\/media?parent=1272"}],"wp:term":[{"taxonomy":"product_cat","embeddable":true,"href":"https:\/\/wurlitzer-shop.de\/en\/wp-json\/wp\/v2\/product_cat?post=1272"},{"taxonomy":"product_tag","embeddable":true,"href":"https:\/\/wurlitzer-shop.de\/en\/wp-json\/wp\/v2\/product_tag?post=1272"}],"curies":[{"name":"wp","href":"https:\/\/api.w.org\/{rel}","templated":true}]}}