{"id":2263,"date":"2018-01-10T03:25:54","date_gmt":"2018-01-10T02:25:54","guid":{"rendered":"http:\/\/wurlitzer-shop.de\/shop\/andere-modelle\/motor-fuer-taumelscheibe-ny\/"},"modified":"2025-05-03T17:06:07","modified_gmt":"2025-05-03T15:06:07","slug":"motor-fuer-taumelscheibe-ny","status":"publish","type":"product","link":"https:\/\/wurlitzer-shop.de\/en\/shop\/andere-modelle\/new-york-las-vegas-casino-rainbow-etc\/motor-fuer-taumelscheibe-ny\/","title":{"rendered":"Motor for rotating disc unit"},"content":{"rendered":"<div id=\"tab-description\" class=\"woocommerce-Tabs-panel woocommerce-Tabs-panel--description panel entry-content wc-tab\" role=\"tabpanel\" aria-labelledby=\"tab-title-description\">\n<p>Beim Tausch des Motors ist auch der Kondensator zu tauschen, dieser wird mitgeliefert.<\/p>\n<p><span class=\"HwtZe\" lang=\"en\"><span class=\"jCAhz ChMk0b\"><span class=\"ryNqvb\">When replacing the motor, the capacitor must also be replaced; this is included.<\/span><\/span><\/span><\/p>\n<p><span class=\"HwtZe\" lang=\"fr\"><span class=\"jCAhz ChMk0b\"><span class=\"ryNqvb\">Lors du remplacement du moteur, le condensateur doit \u00e9galement \u00eatre remplac\u00e9 ; celui-ci est inclus.<\/span><\/span><\/span><\/p>\n<\/div>\n","protected":false},"excerpt":{"rendered":"<p>incl. VAT, plus shipping<\/p>\n<h6>see figure (6)<\/h6>\n<h6><\/h6>\n","protected":false},"featured_media":9099,"template":"","meta":[],"product_cat":[25,108],"product_tag":[113,45,87],"_links":{"self":[{"href":"https:\/\/wurlitzer-shop.de\/en\/wp-json\/wp\/v2\/product\/2263"}],"collection":[{"href":"https:\/\/wurlitzer-shop.de\/en\/wp-json\/wp\/v2\/product"}],"about":[{"href":"https:\/\/wurlitzer-shop.de\/en\/wp-json\/wp\/v2\/types\/product"}],"wp:featuredmedia":[{"embeddable":true,"href":"https:\/\/wurlitzer-shop.de\/en\/wp-json\/wp\/v2\/media\/9099"}],"wp:attachment":[{"href":"https:\/\/wurlitzer-shop.de\/en\/wp-json\/wp\/v2\/media?parent=2263"}],"wp:term":[{"taxonomy":"product_cat","embeddable":true,"href":"https:\/\/wurlitzer-shop.de\/en\/wp-json\/wp\/v2\/product_cat?post=2263"},{"taxonomy":"product_tag","embeddable":true,"href":"https:\/\/wurlitzer-shop.de\/en\/wp-json\/wp\/v2\/product_tag?post=2263"}],"curies":[{"name":"wp","href":"https:\/\/api.w.org\/{rel}","templated":true}]}}