{"id":397,"date":"2016-07-21T12:14:19","date_gmt":"2016-07-21T10:14:19","guid":{"rendered":"http:\/\/wurlitzer-shop.de\/?post_type=product&#038;p=397"},"modified":"2024-03-20T17:40:31","modified_gmt":"2024-03-20T16:40:31","slug":"cd-player-cdm-12-at-generalueberholt","status":"publish","type":"product","link":"https:\/\/wurlitzer-shop.de\/en\/shop\/wurlitzer-omt\/omt-technik\/cd-player-cdm-12-at-generalueberholt\/","title":{"rendered":"CDM12 PRO &#8211; Exchange, overhauled"},"content":{"rendered":"<p><span style=\"color: #000000;\">Wir bieten dieses Teil im Austausch an. <\/span><span style=\"color: #000000;\">Bitte senden Sie uns zun\u00e4chst ihren defekten CD-Player und sie erhalten dann von uns einen \u00fcberholten funktionsf\u00e4higen Spieler.<\/span><\/p>\n<p>We offer this part as an exchange part. <span style=\"color: #000000;\">Please send us your old CD-player first and you\u00b4ll get back an overhauled one in working condition.<\/span><\/p>\n<p><span style=\"color: #000000;\">Nous vous offrons cette pi\u00e8ce de rechange en exchange: <\/span><span style=\"color: #000000;\">Pour que nous avons besoin de v\u00f4tre pi\u00e8ce defecteuse. <\/span><span style=\"color: #000000;\">Puis vous recevrez un pi\u00e8ce r\u00e9par\u00e9e et totalement en fonction.<\/span><\/p>\n<p>&nbsp;<\/p>\n","protected":false},"excerpt":{"rendered":"<p>inkl. MwSt., zzgl. Versandkosten<\/p>\n<h6>siehe Abbildung (14)<\/h6>\n","protected":false},"featured_media":1214,"template":"","meta":[],"product_cat":[52,27,39,25,107],"product_tag":[67,45,63],"_links":{"self":[{"href":"https:\/\/wurlitzer-shop.de\/en\/wp-json\/wp\/v2\/product\/397"}],"collection":[{"href":"https:\/\/wurlitzer-shop.de\/en\/wp-json\/wp\/v2\/product"}],"about":[{"href":"https:\/\/wurlitzer-shop.de\/en\/wp-json\/wp\/v2\/types\/product"}],"wp:featuredmedia":[{"embeddable":true,"href":"https:\/\/wurlitzer-shop.de\/en\/wp-json\/wp\/v2\/media\/1214"}],"wp:attachment":[{"href":"https:\/\/wurlitzer-shop.de\/en\/wp-json\/wp\/v2\/media?parent=397"}],"wp:term":[{"taxonomy":"product_cat","embeddable":true,"href":"https:\/\/wurlitzer-shop.de\/en\/wp-json\/wp\/v2\/product_cat?post=397"},{"taxonomy":"product_tag","embeddable":true,"href":"https:\/\/wurlitzer-shop.de\/en\/wp-json\/wp\/v2\/product_tag?post=397"}],"curies":[{"name":"wp","href":"https:\/\/api.w.org\/{rel}","templated":true}]}}