{"id":1937,"date":"2017-11-07T12:36:20","date_gmt":"2017-11-07T11:36:20","guid":{"rendered":"http:\/\/wurlitzer-shop.de\/?page_id=1937"},"modified":"2019-04-20T17:17:14","modified_gmt":"2019-04-20T15:17:14","slug":"reparatur-service","status":"publish","type":"page","link":"https:\/\/wurlitzer-shop.de\/fr\/reparatur-service\/","title":{"rendered":"Service de r\u00e9paration"},"content":{"rendered":"<p class=\"qtranxs-available-languages-message qtranxs-available-languages-message-fr\">D\u00e9sol\u00e9, cet article est seulement disponible en <a href=\"https:\/\/wurlitzer-shop.de\/de\/wp-json\/wp\/v2\/pages\/1937\" class=\"qtranxs-available-language-link qtranxs-available-language-link-de\" title=\"Deutsch\">Allemand<\/a> et <a href=\"https:\/\/wurlitzer-shop.de\/en\/wp-json\/wp\/v2\/pages\/1937\" class=\"qtranxs-available-language-link qtranxs-available-language-link-en\" title=\"English\">Anglais Am\u00e9ricain<\/a>. Pour le confort de l\u2019utilisateur, le contenu est affich\u00e9 ci-dessous dans la langue par d\u00e9faut du site. Vous pouvez cliquer l\u2019un des liens pour changer la langue du site en une autre langue disponible.<\/p><p><\/p>\n<h5>Ist Ihre WURLITZER Jukebox defekt oder ben\u00f6tigt eine \u00dcberholung?<\/h5>\n<h6>Fachgerechte Reparaturen werden in unserer Werkstatt ausgef\u00fchrt, kleinere Reparaturen k\u00f6nnen wir gegebenenfalls auch vor Ort bei Ihnen direkt ausf\u00fchren.<\/h6>\n<p>&nbsp;<\/p>\n<p>Kontaktieren Sie uns einfach per Email <a href=\"mailto:info@wurlitzer-shop.de\"><strong>info@wurlitzer-shop.de<\/strong><\/a> oder telefonisch zu unseren Gesch\u00e4ftszeiten (Di \u2013 Fr 14:00-18:00 Uhr)<\/p>\n<p>&nbsp;<\/p>","protected":false},"excerpt":{"rendered":"<p>D\u00e9sol\u00e9, cet article est seulement disponible en Allemand et Anglais Am\u00e9ricain. Pour le confort de l\u2019utilisateur, le contenu est affich\u00e9 ci-dessous dans la langue par d\u00e9faut du site. Vous pouvez cliquer l\u2019un des liens pour changer la langue du site en une autre langue disponible. Ist Ihre WURLITZER Jukebox defekt oder ben\u00f6tigt eine \u00dcberholung? Fachgerechte<\/p>\n<div class=\"more-link\">\n\t\t\t\t <a href=\"https:\/\/wurlitzer-shop.de\/fr\/reparatur-service\/\" class=\"btn theme-btn\"><span>Read More <\/span><\/a>\n\t\t\t<\/div>\n","protected":false},"author":1,"featured_media":2130,"parent":0,"menu_order":0,"comment_status":"closed","ping_status":"closed","template":"","meta":[],"_links":{"self":[{"href":"https:\/\/wurlitzer-shop.de\/fr\/wp-json\/wp\/v2\/pages\/1937"}],"collection":[{"href":"https:\/\/wurlitzer-shop.de\/fr\/wp-json\/wp\/v2\/pages"}],"about":[{"href":"https:\/\/wurlitzer-shop.de\/fr\/wp-json\/wp\/v2\/types\/page"}],"author":[{"embeddable":true,"href":"https:\/\/wurlitzer-shop.de\/fr\/wp-json\/wp\/v2\/users\/1"}],"replies":[{"embeddable":true,"href":"https:\/\/wurlitzer-shop.de\/fr\/wp-json\/wp\/v2\/comments?post=1937"}],"version-history":[{"count":14,"href":"https:\/\/wurlitzer-shop.de\/fr\/wp-json\/wp\/v2\/pages\/1937\/revisions"}],"predecessor-version":[{"id":3503,"href":"https:\/\/wurlitzer-shop.de\/fr\/wp-json\/wp\/v2\/pages\/1937\/revisions\/3503"}],"wp:featuredmedia":[{"embeddable":true,"href":"https:\/\/wurlitzer-shop.de\/fr\/wp-json\/wp\/v2\/media\/2130"}],"wp:attachment":[{"href":"https:\/\/wurlitzer-shop.de\/fr\/wp-json\/wp\/v2\/media?parent=1937"}],"curies":[{"name":"wp","href":"https:\/\/api.w.org\/{rel}","templated":true}]}}