{"id":555,"date":"2016-08-08T17:34:18","date_gmt":"2016-08-08T15:34:18","guid":{"rendered":"http:\/\/wurlitzer-shop.de\/?page_id=555"},"modified":"2018-02-08T21:49:25","modified_gmt":"2018-02-08T20:49:25","slug":"francais-allgemeine-geschaeftsbedingungen","status":"publish","type":"page","link":"https:\/\/wurlitzer-shop.de\/fr\/francais-allgemeine-geschaeftsbedingungen\/","title":{"rendered":"Termes et conditions"},"content":{"rendered":"<p>(AGB)<\/p>\n<p>Fa. Jukeland<\/p>\n<p>Inh. Gerhard Mizera<\/p>\n<p>Crellestra\u00dfe 14<\/p>\n<p>10827 Berlin<\/p>\n<p>Telefon: 030 \u2013 782 33 35<\/p>\n<p>Email: <a href=\"mailto:info@wurlitzer-shop.de\">info@wurlitzer-shop.de<\/a><\/p>\n<p>Stand 15.07.2016<\/p>\n<p><strong>\u00a7 1 Geltung der allgemeinen Bedingungen<\/strong><\/p>\n<p>Die Lieferungen, Leistungen und Angebote der. Fa.Jukeland, Inh. G.Mizera (nachfolgend \u201eVerk\u00e4ufer\u201c) erfolgen ausschlie\u00dflich auf Grund dieser allgemeinen Gesch\u00e4ftsbedingungen. Entgegenstehende oder von diesen abweichende AGB erkennt der Verk\u00e4ufer nicht an und widerspricht diesen hiermit ausdr\u00fccklich. Abweichende Bedingungen werden ausdr\u00fccklich nur akzeptiert, wenn dies schriftlich vereinbart wurde.<\/p>\n<p><strong>\u00a7 2 Vertragsabschluss<\/strong><\/p>\n<p>2.1 S\u00e4mtliche im Internet oder Katalogen vom Verk\u00e4ufer dargestellten Angebote von Waren sind freibleibend und unverbindlich. Alle genannten Preise enthalten die gesetzliche Mehrwertsteuer zzgl. Versand-, Verpackungs- und Versicherungskosten. F\u00fcr Auslandsbestellungen eventuell anfallende Geb\u00fchren und Z\u00f6lle sind in den Preisen nicht enthalten.<\/p>\n<p>Die Darstellung der Produkte im Online-Shop stellt kein rechtlich bindendes Angebot, sondern einen unverbindlichen Online-Katalog dar. Durch Anklicken des Buttons \u201eBestellung absenden\u201c gibt der Kunde eine verbindliche Bestellung der im Warenkorb enthaltenen Waren ab. Die Best\u00e4tigung des Eingangs Ihrer Bestellung erfolgt durch eine automatisierte E-Mail. Diese Best\u00e4tigung stellt\u00a0 keinen Vertragsabschlu\u00df dar. Ein Kaufvertrag kommt erst\u00a0 durch Versand einer Auftragsbest\u00e4tigung oder mit Erhalt der Ware zustande.<\/p>\n<p>2.2 M\u00f6gliche Irrt\u00fcmer, Druckfehler, technische, farbliche \u00c4nderungen beh\u00e4lt sich der Verk\u00e4ufer trotz gr\u00f6\u00dftm\u00f6glicher Sorgfalt vor. Sie berechtigen den Verk\u00e4ufer zur Anfechtung der Annahmeerkl\u00e4rung im Sinne der noch folgenden Ziffer 2.4. Ebenso \u00fcbernimmt der Verk\u00e4ufer keine Haftung f\u00fcr die Richtigkeit der Herstellerangaben.<\/p>\n<p>2.3 Ist ein Vertrag zwar zustande gekommen, sind bestellte Artikel bei unseren Lieferanten aber trotz rechtzeitigem Deckungsgesch\u00e4ft nicht in absehbarer Zeit verf\u00fcgbar, so behalten wir uns vor, insoweit vom Vertrag zur\u00fcckzutreten. Wenn wir dies erkennen, werden wir Sie unverz\u00fcglich darauf hinweisen und evtl. bereits geleistete Zahlungen erstatten.<\/p>\n<p>2.4 Ihre Bestellungen werden bei uns nach Vertragsabschluss gespeichert. Sollten Sie Ihre Unterlagen zu Ihren Bestellungen verlieren, wenden Sie sich bitte per E-Mail an uns. Wir senden Ihnen eine Kopie der Daten Ihrer Bestellung gerne zu.<\/p>\n<p>2.5 Der Verk\u00e4ufer beh\u00e4lt sich das Recht vor, von dem mit dem Kunden geschlossenen Vertrag jederzeit zur\u00fcckzutreten. Bei eventuell bereits geleisteten Zahlungen seitens des Kunden, werden diese dem Kunden zur\u00fcckerstattet.<\/p>\n<p><strong>\u00a7 3\u00a0Widerrufsbelehrung<\/strong><\/p>\n<p>3.1 Widerrufsrecht<\/p>\n<p>Sie haben das Recht, binnen vierzehn Tagen ohne Angabe von Gr\u00fcnden diesen Vertrag zu widerrufen. Die Widerrufsfrist betr\u00e4gt vierzehn Tage ab dem Tag, an dem Sie oder ein von Ihnen benannter Dritter, der nicht der Bef\u00f6rderer ist, die letzte Teilsendung oder das letzte St\u00fcck in Besitz genommen haben bzw. hat.<\/p>\n<p>Um Ihr Widerrufsrecht auszu\u00fcben, m\u00fcssen Sie uns (Fa.Jukeland, Inh. Gerhard Mizera, Crellestrasse 14, 10827 Berlin \u2013 Tel.030 782 33 35, Email: info@jukeland.de) mittels einer eindeutigen Erkl\u00e4rung (z.B. ein mit der Post versandter Brief, Telefax oder E-Mail) \u00fcber Ihren Entschluss, diesen Vertrag zu widerrufen, informieren.<\/p>\n<p>Zur Wahrung der Widerrufsfrist reicht es aus, dass Sie die Mitteilung \u00fcber die Aus\u00fcbung des Widerrufsrechts vor Ablauf der Widerrufsfrist absenden.<\/p>\n<p>3.2 Folgen des Widerrufs<\/p>\n<p>Wenn Sie diesen Vertrag widerrufen, haben wir Ihnen alle Zahlungen, die wir von Ihnen erhalten haben, einschlie\u00dflich der Lieferkosten (mit Ausnahme der zus\u00e4tzlichen Kosten, die sich daraus ergeben, dass Sie eine andere Art der Lieferung als die von uns angebotene, g\u00fcnstigste Standardlieferung gew\u00e4hlt haben), unverz\u00fcglich und sp\u00e4testens binnen vierzehn Tagen ab dem Tag zur\u00fcckzuzahlen, an dem die Mitteilung \u00fcber Ihren Widerruf dieses Vertrags bei uns eingegangen ist. F\u00fcr diese R\u00fcckzahlung verwenden wir dasselbe Zahlungsmittel, das Sie bei der urspr\u00fcnglichen Transaktion eingesetzt haben, es sei denn, mit Ihnen wurde ausdr\u00fccklich etwas anderes vereinbart; in keinem Fall werden Ihnen wegen dieser R\u00fcckzahlung Entgelte berechnet. Wir k\u00f6nnen die R\u00fcckzahlung verweigern, bis wir die Waren wieder zur\u00fcckerhalten haben oder bis Sie den Nachweis erbracht haben, dass Sie die Waren zur\u00fcckgesandt haben, je nachdem, welches der fr\u00fchere Zeitpunkt ist.<\/p>\n<p>Sie haben die Waren unverz\u00fcglich und in jedem Fall sp\u00e4testens binnen vierzehn Tagen ab dem Tag, an dem Sie uns \u00fcber den Widerruf dieses Vertrags unterrichten, an uns zur\u00fcckzusenden oder zu \u00fcbergeben.<\/p>\n<p>Die Frist ist gewahrt, wenn Sie die Waren vor Ablauf der Frist von vierzehn Tagen absenden. Sie tragen die unmittelbaren Kosten der R\u00fccksendung der Waren. Sie m\u00fcssen f\u00fcr einen etwaigen Wertverlust der Waren nur aufkommen, wenn dieser Wertverlust auf einen zur Pr\u00fcfung der Beschaffenheit, Eigenschaften und Funktionsweise der Waren nicht notwendigen Umgang mit ihnen zur\u00fcckzuf\u00fchren ist.<\/p>\n<p><strong>\u00a7 4 Eigentumsvorbehalt<\/strong><\/p>\n<p>4.1 Die Ware bleibt bis zur vollst\u00e4ndigen Zahlung unser Eigentum. Vor Eigentums\u00fcbertragung ist eine Weiterver\u00e4u\u00dferung, Vermietung, Verpf\u00e4ndung, Sicherungs\u00fcbereignung, Verarbeitung, sonstige Verf\u00fcgung oder Umgestaltung ohne ausdr\u00fcckliche Einwilligung des Anbieters nicht zul\u00e4ssig. Es gilt der verl\u00e4ngerte Eigentumsvorbehalt.<\/p>\n<p>4.2 Der Verk\u00e4ufer ist berechtigt, bei vertragswidrigem Verhalten des Kunden, insbesondere bei Zahlungsverzug oder bei Verletzung einer Pflicht nach Ziffer 3.1 vom Vertrag zur\u00fcckzutreten und Herausgabe der Ware zu verlangen.<\/p>\n<p>4.3 \u00a0Soweit es sich bei dem Kunden um einen Unternehmer i.S. d. \u00a7 14 BGB handelt gelten die nachfolgenden Bestimmungen.<\/p>\n<p>Wir behalten uns das Eigentum an der Ware bis zum vollst\u00e4ndigen Ausgleich aller Forderungen aus der laufenden Gesch\u00e4ftsbeziehung vor. Vor \u00dcbergang des Eigentums an der Vorbehaltsware ist eine Verpf\u00e4ndung oder Sicherheits\u00fcbereignung nicht zul\u00e4ssig.<\/p>\n<p>Sie k\u00f6nnen die Ware im ordentlichen Gesch\u00e4ftsgang weiterverkaufen. F\u00fcr diesen Fall treten Sie bereits jetzt alle Forderungen in H\u00f6he des Rechnungsbetrages, die Ihnen aus dem Weiterverkauf erwachsen, an uns ab, wir nehmen die Abtretung an. Sie sind weiter zur Einziehung der Forderung erm\u00e4chtigt. Soweit Sie Ihren Zahlungsverpflichtungen nicht ordnungsgem\u00e4\u00df nachkommen, behalten wir uns allerdings vor, die Forderung selbst einzuziehen.<\/p>\n<p>Bei Verbindung und Vermischung der Vorbehaltsware erwerben wir Miteigentum an der neuen Sache im Verh\u00e4ltnis des Rechnungswertes der Vorbehaltsware zu den anderen verarbeiteten Gegenst\u00e4nden zum Zeitpunkt der Verarbeitung.<\/p>\n<p><strong>\u00a7 5 Lieferung, Versand und Gefahr\u00fcbergang<\/strong><\/p>\n<p>5.1 Bei Verf\u00fcgbarkeit wird die Ware durch den Verk\u00e4ufer schnellstm\u00f6glich versendet.<\/p>\n<p>Sollte ein Artikel nicht beim Verk\u00e4ufer vorr\u00e4tig sein, liefert er im Rahmen der Verf\u00fcgbarkeit des Herstellers schnellstm\u00f6glich. Jede Lieferung erfolgt unter dem Vorbehalt, dass der Verk\u00e4ufer selbst rechtzeitig und ordnungsgem\u00e4\u00df beliefert wird.<\/p>\n<p>5.2 Bei Lieferverz\u00f6gerungen werden wir Sie umgehend informieren.<\/p>\n<p>5.3 Sollten nicht alle bestellten Artikel vorr\u00e4tig sein, ist der Verk\u00e4ufer zu Teillieferungen berechtigt, soweit dies f\u00fcr den K\u00e4ufer zumutbar ist und \u00fcbernimmt die anfallenden Versandkosten.<\/p>\n<p><strong>\u00a7 6 Gew\u00e4hrleistung<\/strong><\/p>\n<p>6.1 Handelt es sich bei dem Liefergegenstand nicht um die bestellte Ware, so liefert der Verk\u00e4ufer nach Wahl des K\u00e4ufers Ersatz oder bessert entsprechend nach. Der Verk\u00e4ufer kann die gew\u00e4hlte Form der Nacherf\u00fcllung verweigern, wenn diese nur mit unverh\u00e4ltnism\u00e4\u00dfigen Kosten durchf\u00fchrbar ist.<\/p>\n<p>6.2 Die Gew\u00e4hrleistungsfrist beginnt mit dem Datum der Lieferung und betr\u00e4gt 2 Jahre.<\/p>\n<p>6.3 Nach dem R\u00fcckerhalt der Ware tauscht der Verk\u00e4ufer die Ware um oder erstattet den Kaufpreis, abz\u00fcglich des vom Kunden gegebenenfalls zu leistenden Wertersatzes.<\/p>\n<p>6.4 Offensichtliche M\u00e4ngel sind dem Verk\u00e4ufer unmittelbar nach deren Entdeckung zu melden, um eine weitere Verschlechterung der Ware zu vermeiden. Die nicht rechtzeitige Meldung von M\u00e4ngeln hat keinen Einfluss auf den Umfang der bestehenden Gew\u00e4hrleistungspflicht des Verk\u00e4ufers. Die mangelhaften Liefergegenst\u00e4nde sind in dem Zustand, in dem sie sich im Zeitpunkt der Feststellung des Mangels befinden, sofort an den Verk\u00e4ufer zur Besichtigung zur\u00fcckzusenden.<\/p>\n<p>Die Gew\u00e4hrleistung entf\u00e4llt, wenn der K\u00e4ufer die Ware unsachgem\u00e4\u00df installiert, selbst\u00e4ndig repariert, ver\u00e4ndert oder Umgebungsbedingungen aussetzt, die nicht den Gebrauchsanforderungen entsprechen, es sei denn, er weist nach, dass der Fehler hiervon unabh\u00e4ngig ist.<\/p>\n<p><strong>\u00a7 7 Haftungsbegrenzung<\/strong><\/p>\n<p>7.1 Der Verk\u00e4ufer schlie\u00dft seine Haftung f\u00fcr leicht fahrl\u00e4ssige Pflichtverletzungen aus, sofern nicht Sch\u00e4den aus der Verletzung des Lebens, des K\u00f6rpers oder der Gesundheit oder Garantien betroffen oder Anspr\u00fcche nach dem Produkthaftungsgesetz ber\u00fchrt sind. Unber\u00fchrt bleibt ferner die Haftung f\u00fcr die Verletzung von Pflichten, deren Erf\u00fcllung die ordnungsgem\u00e4\u00dfe Durchf\u00fchrung des Vertrages \u00fcberhaupt erst erm\u00f6glicht und auf deren Einhaltung der Kunde regelm\u00e4\u00dfig vertrauen darf. Gleiches gilt f\u00fcr Pflichtverletzungen seiner Erf\u00fcllungsgehilfen.<\/p>\n<p>7.2\u00a0 F\u00fcr die Rechtm\u00e4\u00dfigkeit. Richtigkeit, Vollst\u00e4ndigkeit und Aktualit\u00e4t fremder Inhalte \u00fcbernimmt der Verk\u00e4ufer keinerlei Haftung oder Gew\u00e4hrleistung. F\u00fcr fremde Inhalte sind die jeweiligen Anbieter verantwortlich. Fremde Inhalte sind durch die Quellenangabe oder Hinweise wie \u201epowered by\u201c gekennzeichnet, bei der Wiedergabe vollst\u00e4ndiger Texte, Datenbanken oder Services durch das Logo des jeweiligen Anbieters. Gew\u00e4hrleistung f\u00fcr die Richtigkeit von Links oder f\u00fcr die richtige Einordnung der Links in das Angebot ist ausgeschlossen.<\/p>\n<p>7.3 Der Verk\u00e4ufer \u00a0\u00fcberpr\u00fcft die im Angebot als Link aufgenommenen Websites zum Zeitpunkt ihrer Aufnahme auf rechtswidrige Inhalte nach bestem Wissen und Gewissen. Wir werden Websites aus dem Angebot entfernen, sobald wir Kenntnis von rechtswidrigen Inhalten erlangen. Eine Haftung f\u00fcr Verst\u00f6\u00dfe Dritter gegen strafrechtliche, zivilrechtliche, wettbewerbs- oder urheberrechtliche Bestimmungen wird jedoch nicht \u00fcbernommen.<\/p>\n<p><strong>\u00a7 8 Schutzrechte<\/strong><\/p>\n<p>S\u00e4mtliche unter <a href=\"http:\/\/www.wurlitzer-shop.de\/\">www.wurlitzer-shop.de<\/a> ver\u00f6ffentlichten Inhalte, Informationen, Bilder, Videos und Datenbanken sind urheberrechtlich gesch\u00fctzt. Die Nutzung ist nur f\u00fcr den pers\u00f6nlichen, privaten Gebrauch gestattet. Jede dar\u00fcber hinausgehende Nutzung, ist \u2013 wenn sie nicht ausnahmsweise gesetzlich zul\u00e4ssig ist \u2013 untersagt bzw. bedarf der vorherigen schriftlichen Zustimmung der Fa.Jukeland, Inh.G.Mizera.<\/p>\n<p><strong>\u00a7 9 Zahlung<\/strong><\/p>\n<p>9.1 Der Verk\u00e4ufer beh\u00e4lt sich vor, einzelne Zahlungsarten gegen\u00fcber dem Verbraucher auszuschlie\u00dfen. Dies gilt insbesondere bei erstmaligen Auftr\u00e4gen oder bei Auftr\u00e4gen mit Verbrauchern, deren Bonit\u00e4t nicht sichergestellt ist.<\/p>\n<p>9.2 Der Verk\u00e4ufer ist berechtigt, Zahlungen des K\u00e4ufers zun\u00e4chst mit bestehenden Forderungen gegen den K\u00e4ufer zu verrechnen.<\/p>\n<p>9.3 Der K\u00e4ufer ist seinerseits zur Aufrechnung nur berechtigt, wenn die Gegenforderung unbestritten oder rechtskr\u00e4ftig festgestellt oder schriftlich vom Anbieter anerkannt wurde. Der K\u00e4ufer kann ein Zur\u00fcckbehaltungsrecht nur aus\u00fcben, soweit die Anspr\u00fcche aus dem gleichen Vertragsverh\u00e4ltnis resultieren.<\/p>\n<p>9.4 Der Kunde hat unter der Einschr\u00e4nkung von Ziffer 8.1 folgende Zahlungsart zur Auswahl:<\/p>\n<p>Vorkasse (Vorab\u00fcberweisung Zahlungsziel 7 Werktage)<\/p>\n<p>Bei der Auswahl der Zahlungsart Vorkasse nennt der Verk\u00e4ufer dem K\u00e4ufer seine Bankverbindung in der Auftragsbest\u00e4tigung. Der Rechnungsbetrag ist binnen 7 Tagen auf das Konto des Verk\u00e4ufers zu \u00fcberweisen.<\/p>\n<p><strong>\u00a7 10 Datenschutz<\/strong><\/p>\n<p>Alle personenbezogenen Daten werden gem\u00e4\u00df den Bestimmungen zum Datenschutz grunds\u00e4tzlich vertraulich behandelt. N\u00e4here Informationen sind f\u00fcr den K\u00e4ufer auf der Website des Verk\u00e4ufer www.wurlitzer-shop.de abrufbar und einsehbar. <strong>Datenschutzerkl\u00e4rung<\/strong><\/p>\n<p><strong>\u00a7 11 Leistungsort<\/strong><\/p>\n<p>Leistungsort f\u00fcr Lieferung und Zahlung ist der Gesch\u00e4ftssitz des Verk\u00e4ufer. F\u00fcr alle Rechtsbeziehungen zwischen dem Verk\u00e4ufer und dem Kunden gilt das Recht der Bundesrepublik Deutschland unter Ausschluss des UN-Kaufrechts.<\/p>\n<p><strong>\u00a7 12 Gerichtsstand, Salvatorische Klausel<\/strong><\/p>\n<p>12.1 Ist der K\u00e4ufer ein Kaufmann im Sinne des Handelsrechts, eine juristische Person des \u00f6ffentlichen Rechts oder eines \u00f6ffentlich-rechtlichen Sonderverm\u00f6gens, dann ist der Sitz des Verk\u00e4ufer der vereinbarte Gerichtsstand. Dasselbe gilt, wenn der Verbraucher keinen allgemeinen Gerichtsstand oder Wohnsitz in Deutschland hat oder der gew\u00f6hnliche Aufenthaltsort zum Zeitpunkt der Klageerhebung nicht bekannt ist.<\/p>\n<p>12.2 Sollte eine der Bestimmungen in diesen Gesch\u00e4ftsbedingungen nichtig sein oder werden, ber\u00fchrt dies nicht die Wirksamkeit der sonstigen Bestimmungen. Anstelle der unwirksamen Bestimmung gelten die einschl\u00e4gigen gesetzlichen Vorschriften.<\/p>\n<p><strong>\u00a7 13 Erreichbarkeit<\/strong><\/p>\n<p>13.1 Wir sind stets bem\u00fcht, einen ordnungsgem\u00e4\u00dfen Betrieb der Angebote sicherzustellen, steht jedoch nicht f\u00fcr die ununterbrochene Nutzbarkeit bzw. Erreichbarkeit der Angebote ein. Dies gilt insbesondere f\u00fcr technisch bedingte Verz\u00f6gerungen, Unterbrechungen oder Ausf\u00e4lle der Angebote, des Internets oder des Zugangs zum Internet.<\/p>\n<p>13.2 In der Regel ist unser Online-Service 24 Stunden am Tag verf\u00fcgbar. Wir behalten uns jedoch vor, die Betriebszeiten, wenn dies aus technischen Gr\u00fcnden notwendig ist, beispielsweise wegen anfallender Wartungsarbeiten, kurzzeitig einzuschr\u00e4nken.<\/p>","protected":false},"excerpt":{"rendered":"<p>(AGB) Fa. Jukeland Inh. Gerhard Mizera Crellestra\u00dfe 14 10827 Berlin Telefon: 030 \u2013 782 33 35 Email: info@wurlitzer-shop.de Stand 15.07.2016 \u00a7 1 Geltung der allgemeinen Bedingungen Die Lieferungen, Leistungen und Angebote der. Fa.Jukeland, Inh. G.Mizera (nachfolgend \u201eVerk\u00e4ufer\u201c) erfolgen ausschlie\u00dflich auf Grund dieser allgemeinen Gesch\u00e4ftsbedingungen. Entgegenstehende oder von diesen abweichende AGB erkennt der Verk\u00e4ufer nicht an<\/p>\n<div class=\"more-link\">\n\t\t\t\t <a href=\"https:\/\/wurlitzer-shop.de\/fr\/francais-allgemeine-geschaeftsbedingungen\/\" class=\"btn theme-btn\"><span>Read More <\/span><\/a>\n\t\t\t<\/div>\n","protected":false},"author":1,"featured_media":0,"parent":0,"menu_order":0,"comment_status":"closed","ping_status":"closed","template":"","meta":[],"_links":{"self":[{"href":"https:\/\/wurlitzer-shop.de\/fr\/wp-json\/wp\/v2\/pages\/555"}],"collection":[{"href":"https:\/\/wurlitzer-shop.de\/fr\/wp-json\/wp\/v2\/pages"}],"about":[{"href":"https:\/\/wurlitzer-shop.de\/fr\/wp-json\/wp\/v2\/types\/page"}],"author":[{"embeddable":true,"href":"https:\/\/wurlitzer-shop.de\/fr\/wp-json\/wp\/v2\/users\/1"}],"replies":[{"embeddable":true,"href":"https:\/\/wurlitzer-shop.de\/fr\/wp-json\/wp\/v2\/comments?post=555"}],"version-history":[{"count":13,"href":"https:\/\/wurlitzer-shop.de\/fr\/wp-json\/wp\/v2\/pages\/555\/revisions"}],"predecessor-version":[{"id":2367,"href":"https:\/\/wurlitzer-shop.de\/fr\/wp-json\/wp\/v2\/pages\/555\/revisions\/2367"}],"wp:attachment":[{"href":"https:\/\/wurlitzer-shop.de\/fr\/wp-json\/wp\/v2\/media?parent=555"}],"curies":[{"name":"wp","href":"https:\/\/api.w.org\/{rel}","templated":true}]}}