{"id":1211,"date":"2017-02-19T00:27:19","date_gmt":"2017-02-18T23:27:19","guid":{"rendered":"http:\/\/wurlitzer-shop.de\/shop\/andere-modelle\/distanzbuchse-fuer-cd-player-cdm-12\/"},"modified":"2023-06-11T14:48:19","modified_gmt":"2023-06-11T12:48:19","slug":"distanzbuchse-fuer-cd-player-cdm-12","status":"publish","type":"product","link":"https:\/\/wurlitzer-shop.de\/fr\/shop\/wurlitzer-omt\/omt-technik\/distanzbuchse-fuer-cd-player-cdm-12\/","title":{"rendered":"Doulill\u00e9 d\u00b4\u00e9cartment pour CDM 12 (1 pi\u00e8ce)"},"content":{"rendered":"","protected":false},"excerpt":{"rendered":"<p>ttc, frais d&rsquo;exp\u00e9dition en sus<\/p>\n<p>voir la figure (15)<\/p>\n","protected":false},"featured_media":1235,"template":"","meta":[],"product_cat":[52,27,39,25,107],"product_tag":[67,45,63],"_links":{"self":[{"href":"https:\/\/wurlitzer-shop.de\/fr\/wp-json\/wp\/v2\/product\/1211"}],"collection":[{"href":"https:\/\/wurlitzer-shop.de\/fr\/wp-json\/wp\/v2\/product"}],"about":[{"href":"https:\/\/wurlitzer-shop.de\/fr\/wp-json\/wp\/v2\/types\/product"}],"wp:featuredmedia":[{"embeddable":true,"href":"https:\/\/wurlitzer-shop.de\/fr\/wp-json\/wp\/v2\/media\/1235"}],"wp:attachment":[{"href":"https:\/\/wurlitzer-shop.de\/fr\/wp-json\/wp\/v2\/media?parent=1211"}],"wp:term":[{"taxonomy":"product_cat","embeddable":true,"href":"https:\/\/wurlitzer-shop.de\/fr\/wp-json\/wp\/v2\/product_cat?post=1211"},{"taxonomy":"product_tag","embeddable":true,"href":"https:\/\/wurlitzer-shop.de\/fr\/wp-json\/wp\/v2\/product_tag?post=1211"}],"curies":[{"name":"wp","href":"https:\/\/api.w.org\/{rel}","templated":true}]}}