{"id":136,"date":"2016-06-27T13:15:33","date_gmt":"2016-06-27T11:15:33","guid":{"rendered":"http:\/\/wurlitzer-shop.de\/?post_type=product&#038;p=136"},"modified":"2024-10-12T21:33:09","modified_gmt":"2024-10-12T19:33:09","slug":"tastatur-cd-vollstaendig","status":"publish","type":"product","link":"https:\/\/wurlitzer-shop.de\/fr\/shop\/wurlitzer-omt\/omt-technik\/tastatur-cd-vollstaendig\/","title":{"rendered":"Clavier &#8211; CD\/ echang\u00e9"},"content":{"rendered":"<p>Nous vous offrons cette pi\u00e8ce de rechange en exchange:<\/p>\n<p>Pour que nous avons besoin de v\u00f4tre pi\u00e8ce defecteuse.<\/p>\n<p>Puis vous recevrez un pi\u00e8ce r\u00e9par\u00e9e et totalement en fonction. &#8211; <span class=\"HwtZe\" lang=\"fr\"><span class=\"jCAhz ChMk0b\"><span class=\"ryNqvb\">Pour les claviers plus anciens avec touches sans cache, nous les utilisons car ces touches ne sont plus disponibles<\/span><\/span><\/span><\/p>\n<p><\/p>","protected":false},"excerpt":{"rendered":"<p>ttc, frais d\u00b4expedition en sus<\/p>\n<h6>voir la figure<\/h6>\n<p>&nbsp;<\/p>\n","protected":false},"featured_media":1388,"template":"","meta":[],"product_cat":[27,36,25],"product_tag":[45,64,46],"_links":{"self":[{"href":"https:\/\/wurlitzer-shop.de\/fr\/wp-json\/wp\/v2\/product\/136"}],"collection":[{"href":"https:\/\/wurlitzer-shop.de\/fr\/wp-json\/wp\/v2\/product"}],"about":[{"href":"https:\/\/wurlitzer-shop.de\/fr\/wp-json\/wp\/v2\/types\/product"}],"wp:featuredmedia":[{"embeddable":true,"href":"https:\/\/wurlitzer-shop.de\/fr\/wp-json\/wp\/v2\/media\/1388"}],"wp:attachment":[{"href":"https:\/\/wurlitzer-shop.de\/fr\/wp-json\/wp\/v2\/media?parent=136"}],"wp:term":[{"taxonomy":"product_cat","embeddable":true,"href":"https:\/\/wurlitzer-shop.de\/fr\/wp-json\/wp\/v2\/product_cat?post=136"},{"taxonomy":"product_tag","embeddable":true,"href":"https:\/\/wurlitzer-shop.de\/fr\/wp-json\/wp\/v2\/product_tag?post=136"}],"curies":[{"name":"wp","href":"https:\/\/api.w.org\/{rel}","templated":true}]}}