{"id":1428,"date":"2017-03-18T21:18:08","date_gmt":"2017-03-18T20:18:08","guid":{"rendered":"http:\/\/wurlitzer-shop.de\/?post_type=product&#038;p=1428"},"modified":"2026-01-15T19:54:00","modified_gmt":"2026-01-15T18:54:00","slug":"gluehlampe-24v-ohne-sockel-5-stck","status":"publish","type":"product","link":"https:\/\/wurlitzer-shop.de\/fr\/shop\/wurlitzer-omt-vinyl\/gluehlampe-24v-ohne-sockel-5-stck\/","title":{"rendered":"Lamp (borne de vil)24 V, sans douille (5 pi\u00e9ces)-2152"},"content":{"rendered":"<p><span style=\"color: #000000;\"><span class=\"HwtZe\" lang=\"fr\"><span class=\"jCAhz ChMk0b\"><span class=\"ryNqvb\">Actuellement en rupture de stock<\/span><\/span><\/span>. <\/span><\/p>\n<p><span style=\"color: #000000;\">Ces lampes ont \u00e9t\u00e9 install\u00e9es dans les premiers jukebox OMT-Vinyl, ceux sans bubble tubes, `til no. 27095800. Le prix est pour un ensemble de 5 lampes.<\/span><\/p>","protected":false},"excerpt":{"rendered":"<p>ttc, frais d\u00b4expedition en sus<\/p>\n","protected":false},"featured_media":1429,"template":"","meta":[],"product_cat":[69],"product_tag":[],"_links":{"self":[{"href":"https:\/\/wurlitzer-shop.de\/fr\/wp-json\/wp\/v2\/product\/1428"}],"collection":[{"href":"https:\/\/wurlitzer-shop.de\/fr\/wp-json\/wp\/v2\/product"}],"about":[{"href":"https:\/\/wurlitzer-shop.de\/fr\/wp-json\/wp\/v2\/types\/product"}],"wp:featuredmedia":[{"embeddable":true,"href":"https:\/\/wurlitzer-shop.de\/fr\/wp-json\/wp\/v2\/media\/1429"}],"wp:attachment":[{"href":"https:\/\/wurlitzer-shop.de\/fr\/wp-json\/wp\/v2\/media?parent=1428"}],"wp:term":[{"taxonomy":"product_cat","embeddable":true,"href":"https:\/\/wurlitzer-shop.de\/fr\/wp-json\/wp\/v2\/product_cat?post=1428"},{"taxonomy":"product_tag","embeddable":true,"href":"https:\/\/wurlitzer-shop.de\/fr\/wp-json\/wp\/v2\/product_tag?post=1428"}],"curies":[{"name":"wp","href":"https:\/\/api.w.org\/{rel}","templated":true}]}}