{"id":1542,"date":"2017-03-29T02:08:34","date_gmt":"2017-03-29T00:08:34","guid":{"rendered":"http:\/\/wurlitzer-shop.de\/shop\/wurlitzer-omt\/omt-gehaeuse\/schloss-gehaeuse-set-zusatzteile\/"},"modified":"2023-07-25T01:36:41","modified_gmt":"2023-07-24T23:36:41","slug":"schloss-gehaeuse-set-zusatzteile","status":"publish","type":"product","link":"https:\/\/wurlitzer-shop.de\/fr\/shop\/wurlitzer-omt\/omt-gehaeuse\/schloss-gehaeuse-set-zusatzteile\/","title":{"rendered":"Fermeture du meuble &#8211;  lot pi\u00e8ces suppl\u00e9mentaires"},"content":{"rendered":"<p>Achev\u00e9e set: equerrede blocage (part 5), crochet de fermeture (part 6), ressort de tension (part 7), rondelle support (part 8), rondelle s\u00e9curit\u00e9 pour serrure (part 9)<\/p>\n<div class=\"source_url_spacer\"><\/div>\n<p><\/p>","protected":false},"excerpt":{"rendered":"<p>ttc, frais d&rsquo;exp\u00e9dition en sus<\/p>\n<h6>voir la figure (5,6,7,8,9)<\/h6>\n","protected":false},"featured_media":7660,"template":"","meta":[],"product_cat":[52,26,34,27,35],"product_tag":[58,59,60,45],"_links":{"self":[{"href":"https:\/\/wurlitzer-shop.de\/fr\/wp-json\/wp\/v2\/product\/1542"}],"collection":[{"href":"https:\/\/wurlitzer-shop.de\/fr\/wp-json\/wp\/v2\/product"}],"about":[{"href":"https:\/\/wurlitzer-shop.de\/fr\/wp-json\/wp\/v2\/types\/product"}],"wp:featuredmedia":[{"embeddable":true,"href":"https:\/\/wurlitzer-shop.de\/fr\/wp-json\/wp\/v2\/media\/7660"}],"wp:attachment":[{"href":"https:\/\/wurlitzer-shop.de\/fr\/wp-json\/wp\/v2\/media?parent=1542"}],"wp:term":[{"taxonomy":"product_cat","embeddable":true,"href":"https:\/\/wurlitzer-shop.de\/fr\/wp-json\/wp\/v2\/product_cat?post=1542"},{"taxonomy":"product_tag","embeddable":true,"href":"https:\/\/wurlitzer-shop.de\/fr\/wp-json\/wp\/v2\/product_tag?post=1542"}],"curies":[{"name":"wp","href":"https:\/\/api.w.org\/{rel}","templated":true}]}}