{"id":1543,"date":"2017-03-29T03:04:04","date_gmt":"2017-03-29T01:04:04","guid":{"rendered":"http:\/\/wurlitzer-shop.de\/?post_type=product&#038;p=1543"},"modified":"2026-01-19T17:35:33","modified_gmt":"2026-01-19T16:35:33","slug":"potentiometer-2-x-10-kohm","status":"publish","type":"product","link":"https:\/\/wurlitzer-shop.de\/fr\/shop\/jukeboxes-earlier-models\/potentiometer-2-x-10-kohm\/","title":{"rendered":"Potentiom\u00e8tre 2&#215;10 kOhm"},"content":{"rendered":"<p><span class=\"HwtZe\" lang=\"fr\"><span class=\"jCAhz ChMk0b\"><span class=\"ryNqvb\">Malheureusement, ce n&rsquo;est pas disponible pour le moment.<\/span><\/span><\/span><\/p>\n<p><span class=\"tlid-translation translation\" lang=\"fr\"><span class=\"\" title=\"\">Le potentiom\u00e8tre tandem a \u00e9t\u00e9 install\u00e9 dans les amplificateurs des jukeboxes des allemandes Wurlitzer de 1970 \u00e0 1983 et dans les amplificateurs st\u00e9r\u00e9o 1967-1969.<\/span><\/span><\/p>","protected":false},"excerpt":{"rendered":"<p>ttc, frais d\u00b4expedition en sus<\/p>\n","protected":false},"featured_media":1544,"template":"","meta":[],"product_cat":[115],"product_tag":[45,82],"_links":{"self":[{"href":"https:\/\/wurlitzer-shop.de\/fr\/wp-json\/wp\/v2\/product\/1543"}],"collection":[{"href":"https:\/\/wurlitzer-shop.de\/fr\/wp-json\/wp\/v2\/product"}],"about":[{"href":"https:\/\/wurlitzer-shop.de\/fr\/wp-json\/wp\/v2\/types\/product"}],"wp:featuredmedia":[{"embeddable":true,"href":"https:\/\/wurlitzer-shop.de\/fr\/wp-json\/wp\/v2\/media\/1544"}],"wp:attachment":[{"href":"https:\/\/wurlitzer-shop.de\/fr\/wp-json\/wp\/v2\/media?parent=1543"}],"wp:term":[{"taxonomy":"product_cat","embeddable":true,"href":"https:\/\/wurlitzer-shop.de\/fr\/wp-json\/wp\/v2\/product_cat?post=1543"},{"taxonomy":"product_tag","embeddable":true,"href":"https:\/\/wurlitzer-shop.de\/fr\/wp-json\/wp\/v2\/product_tag?post=1543"}],"curies":[{"name":"wp","href":"https:\/\/api.w.org\/{rel}","templated":true}]}}