{"id":1629,"date":"2017-04-30T20:52:47","date_gmt":"2017-04-30T18:52:47","guid":{"rendered":"http:\/\/wurlitzer-shop.de\/shop\/omt-princess\/tastatur-princess-vollstaendig-at\/"},"modified":"2021-01-10T16:04:18","modified_gmt":"2021-01-10T15:04:18","slug":"tastatur-princess-vollstaendig-at","status":"publish","type":"product","link":"https:\/\/wurlitzer-shop.de\/fr\/shop\/omt-princess\/tastatur-princess-vollstaendig-at\/","title":{"rendered":"clavier &#8211; Princess, compl. \/ echang\u00e9"},"content":{"rendered":"<p>Nous vous offrons cette pi\u00e8ce de rechange en exchange:<\/p>\n<p>Pour que nous avons besoin de v\u00f4tre pi\u00e8ce defecteuse.<\/p>\n<p>Puis vous recevrez un pi\u00e8ce r\u00e9par\u00e9e et totalement en fonction.<\/p>\n<p>&nbsp;<\/p>","protected":false},"excerpt":{"rendered":"<p>ttc, frais d&#039;exp\u00e9dition en sus<\/p>\n<h6>voir la figure (19)<\/h6>\n","protected":false},"featured_media":1627,"template":"","meta":[],"product_cat":[22],"product_tag":[117,45,83],"_links":{"self":[{"href":"https:\/\/wurlitzer-shop.de\/fr\/wp-json\/wp\/v2\/product\/1629"}],"collection":[{"href":"https:\/\/wurlitzer-shop.de\/fr\/wp-json\/wp\/v2\/product"}],"about":[{"href":"https:\/\/wurlitzer-shop.de\/fr\/wp-json\/wp\/v2\/types\/product"}],"wp:featuredmedia":[{"embeddable":true,"href":"https:\/\/wurlitzer-shop.de\/fr\/wp-json\/wp\/v2\/media\/1627"}],"wp:attachment":[{"href":"https:\/\/wurlitzer-shop.de\/fr\/wp-json\/wp\/v2\/media?parent=1629"}],"wp:term":[{"taxonomy":"product_cat","embeddable":true,"href":"https:\/\/wurlitzer-shop.de\/fr\/wp-json\/wp\/v2\/product_cat?post=1629"},{"taxonomy":"product_tag","embeddable":true,"href":"https:\/\/wurlitzer-shop.de\/fr\/wp-json\/wp\/v2\/product_tag?post=1629"}],"curies":[{"name":"wp","href":"https:\/\/api.w.org\/{rel}","templated":true}]}}