{"id":1738,"date":"2017-06-30T00:31:46","date_gmt":"2017-06-29T22:31:46","guid":{"rendered":"http:\/\/wurlitzer-shop.de\/shop\/andere-modelle\/tastatur-vollstaendig-im-austausch\/"},"modified":"2025-11-04T00:37:20","modified_gmt":"2025-11-03T23:37:20","slug":"tastatur-vollstaendig-im-austausch","status":"publish","type":"product","link":"https:\/\/wurlitzer-shop.de\/fr\/shop\/andere-modelle\/new-york-las-vegas-casino-rainbow-etc\/tastatur-vollstaendig-im-austausch\/","title":{"rendered":"clavier New York\/Las Vegas\/Rainbow\/Rave On-echang\u00e9"},"content":{"rendered":"<p><span style=\"color: #00ccff;\">Nous vous offrons cette pi\u00e8ce de rechange en exchange:<\/span><\/p>\n<p><span style=\"color: #00ccff;\">Pour que nous avons besoin de v\u00f4tre pi\u00e8ce defecteuse. &#8211; <span class=\"HwtZe\" lang=\"fr\"><span class=\"jCAhz ChMk0b\"><span class=\"ryNqvb\">Malheureusement, les cl\u00e9s noires individuelles pour NY ne sont plus disponibles, nous devons continuer \u00e0 utiliser les anciennes cl\u00e9s..<\/span><\/span><\/span><br \/>\n<\/span><\/p>\n<p><\/p>","protected":false},"excerpt":{"rendered":"<p>frais d&rsquo;exp\u00e9dition en sus<\/p>\n<h6>voir la figure (7)<\/h6>\n","protected":false},"featured_media":1833,"template":"","meta":[],"product_cat":[25,108],"product_tag":[117,45,105,102,101,104],"_links":{"self":[{"href":"https:\/\/wurlitzer-shop.de\/fr\/wp-json\/wp\/v2\/product\/1738"}],"collection":[{"href":"https:\/\/wurlitzer-shop.de\/fr\/wp-json\/wp\/v2\/product"}],"about":[{"href":"https:\/\/wurlitzer-shop.de\/fr\/wp-json\/wp\/v2\/types\/product"}],"wp:featuredmedia":[{"embeddable":true,"href":"https:\/\/wurlitzer-shop.de\/fr\/wp-json\/wp\/v2\/media\/1833"}],"wp:attachment":[{"href":"https:\/\/wurlitzer-shop.de\/fr\/wp-json\/wp\/v2\/media?parent=1738"}],"wp:term":[{"taxonomy":"product_cat","embeddable":true,"href":"https:\/\/wurlitzer-shop.de\/fr\/wp-json\/wp\/v2\/product_cat?post=1738"},{"taxonomy":"product_tag","embeddable":true,"href":"https:\/\/wurlitzer-shop.de\/fr\/wp-json\/wp\/v2\/product_tag?post=1738"}],"curies":[{"name":"wp","href":"https:\/\/api.w.org\/{rel}","templated":true}]}}