{"id":1740,"date":"2017-06-30T00:41:49","date_gmt":"2017-06-29T22:41:49","guid":{"rendered":"http:\/\/wurlitzer-shop.de\/shop\/omt-princess\/steuerung-scc-im-austausch\/"},"modified":"2023-10-05T16:06:10","modified_gmt":"2023-10-05T14:06:10","slug":"steuerung-scc-im-austausch","status":"publish","type":"product","link":"https:\/\/wurlitzer-shop.de\/fr\/shop\/andere-modelle\/new-york-las-vegas-casino-rainbow-etc\/steuerung-scc-im-austausch\/","title":{"rendered":"Unit\u00e9 de controle &#8211; \u00e9change"},"content":{"rendered":"<p>Nous vous offrons cette pi\u00e8ce de rechange en exchange:<\/p>\n<p>Pour que nous avons besoin de v\u00f4tre pi\u00e8ce defecteuse.<\/p>\n<p><\/p>","protected":false},"excerpt":{"rendered":"<p>ttc, frais d\u00b4expedition es sus<\/p>\n<h6>voir la figure (10)<\/h6>\n","protected":false},"featured_media":1306,"template":"","meta":[],"product_cat":[22,25,108],"product_tag":[119,45],"_links":{"self":[{"href":"https:\/\/wurlitzer-shop.de\/fr\/wp-json\/wp\/v2\/product\/1740"}],"collection":[{"href":"https:\/\/wurlitzer-shop.de\/fr\/wp-json\/wp\/v2\/product"}],"about":[{"href":"https:\/\/wurlitzer-shop.de\/fr\/wp-json\/wp\/v2\/types\/product"}],"wp:featuredmedia":[{"embeddable":true,"href":"https:\/\/wurlitzer-shop.de\/fr\/wp-json\/wp\/v2\/media\/1306"}],"wp:attachment":[{"href":"https:\/\/wurlitzer-shop.de\/fr\/wp-json\/wp\/v2\/media?parent=1740"}],"wp:term":[{"taxonomy":"product_cat","embeddable":true,"href":"https:\/\/wurlitzer-shop.de\/fr\/wp-json\/wp\/v2\/product_cat?post=1740"},{"taxonomy":"product_tag","embeddable":true,"href":"https:\/\/wurlitzer-shop.de\/fr\/wp-json\/wp\/v2\/product_tag?post=1740"}],"curies":[{"name":"wp","href":"https:\/\/api.w.org\/{rel}","templated":true}]}}