{"id":2051,"date":"2017-12-12T00:04:17","date_gmt":"2017-12-11T23:04:17","guid":{"rendered":"http:\/\/wurlitzer-shop.de\/?post_type=product&#038;p=2051"},"modified":"2022-12-09T00:48:59","modified_gmt":"2022-12-08T23:48:59","slug":"titelstreifen-rotweiss-classic","status":"publish","type":"product","link":"https:\/\/wurlitzer-shop.de\/fr\/shop\/wurlitzer-jukeboxes-fruehere-modelle-usa\/ersatzteile-fuer-wurlitzer-modelle-1700-und-1800\/titelstreifen-rotweiss-classic\/","title":{"rendered":"titlestrips &#8211; classic"},"content":{"rendered":"<p>Nos porte-titres sont disponibles dans le design classique rouge\/blanc. Vous obtenez 11 bandes par feuille, toutes sont perfor\u00e9es pour une utilisation facile et imprim\u00e9es sur la qualit\u00e9 du carton.<\/p>","protected":false},"excerpt":{"rendered":"<p>ttc, frais d\u00b4expedition en sus<\/p>\n","protected":false},"featured_media":2052,"template":"","meta":[],"product_cat":[162,163,164,166,165,69,28,115,143],"product_tag":[129,87,46],"_links":{"self":[{"href":"https:\/\/wurlitzer-shop.de\/fr\/wp-json\/wp\/v2\/product\/2051"}],"collection":[{"href":"https:\/\/wurlitzer-shop.de\/fr\/wp-json\/wp\/v2\/product"}],"about":[{"href":"https:\/\/wurlitzer-shop.de\/fr\/wp-json\/wp\/v2\/types\/product"}],"wp:featuredmedia":[{"embeddable":true,"href":"https:\/\/wurlitzer-shop.de\/fr\/wp-json\/wp\/v2\/media\/2052"}],"wp:attachment":[{"href":"https:\/\/wurlitzer-shop.de\/fr\/wp-json\/wp\/v2\/media?parent=2051"}],"wp:term":[{"taxonomy":"product_cat","embeddable":true,"href":"https:\/\/wurlitzer-shop.de\/fr\/wp-json\/wp\/v2\/product_cat?post=2051"},{"taxonomy":"product_tag","embeddable":true,"href":"https:\/\/wurlitzer-shop.de\/fr\/wp-json\/wp\/v2\/product_tag?post=2051"}],"curies":[{"name":"wp","href":"https:\/\/api.w.org\/{rel}","templated":true}]}}