{"id":224,"date":"2016-07-18T11:12:43","date_gmt":"2016-07-18T09:12:43","guid":{"rendered":"http:\/\/wurlitzer-shop.de\/?post_type=product&#038;p=224"},"modified":"2026-03-10T15:18:50","modified_gmt":"2026-03-10T14:18:50","slug":"farbfolie-fuer-dickes-rohr-alte-ausfuehrung","status":"publish","type":"product","link":"https:\/\/wurlitzer-shop.de\/fr\/shop\/wurlitzer-omt\/omt-gehaeuse\/farbfolie-fuer-dickes-rohr-alte-ausfuehrung\/","title":{"rendered":"feuille de couleur &#8211; vieux style &#8211; OMT"},"content":{"rendered":"<p><strong>Jusqu\u00e0 no. d\u00b4appareil 4003xxx<\/strong>. <span class=\"HwtZe\" lang=\"fr\"><span class=\"jCAhz ChMk0b\"><span class=\"ryNqvb\">Nous proposons ce film couleur dans la version originale telle qu&rsquo;utilis\u00e9e par Deutsche Wurlitzer dans les mod\u00e8les One More Time.<\/span><\/span> <span class=\"jCAhz ChMk0b\"><span class=\"ryNqvb\">Les feuilles color\u00e9es du Wurlitzer 1015 original des ann\u00e9es 1940 sont donc l\u00e9g\u00e8rement diff\u00e9rentes.<\/span><\/span><\/span><\/p>\n<p><\/p>","protected":false},"excerpt":{"rendered":"<p>ttc, frais d&rsquo;exp\u00e9dition en sus<\/p>\n<h6>voir la figure (17)<\/h6>\n","protected":false},"featured_media":1337,"template":"","meta":[],"product_cat":[52,26,34,32,69],"product_tag":[47,56,48,45,46],"_links":{"self":[{"href":"https:\/\/wurlitzer-shop.de\/fr\/wp-json\/wp\/v2\/product\/224"}],"collection":[{"href":"https:\/\/wurlitzer-shop.de\/fr\/wp-json\/wp\/v2\/product"}],"about":[{"href":"https:\/\/wurlitzer-shop.de\/fr\/wp-json\/wp\/v2\/types\/product"}],"wp:featuredmedia":[{"embeddable":true,"href":"https:\/\/wurlitzer-shop.de\/fr\/wp-json\/wp\/v2\/media\/1337"}],"wp:attachment":[{"href":"https:\/\/wurlitzer-shop.de\/fr\/wp-json\/wp\/v2\/media?parent=224"}],"wp:term":[{"taxonomy":"product_cat","embeddable":true,"href":"https:\/\/wurlitzer-shop.de\/fr\/wp-json\/wp\/v2\/product_cat?post=224"},{"taxonomy":"product_tag","embeddable":true,"href":"https:\/\/wurlitzer-shop.de\/fr\/wp-json\/wp\/v2\/product_tag?post=224"}],"curies":[{"name":"wp","href":"https:\/\/api.w.org\/{rel}","templated":true}]}}