{"id":2317,"date":"2018-01-22T00:36:06","date_gmt":"2018-01-21T23:36:06","guid":{"rendered":"http:\/\/wurlitzer-shop.de\/shop\/manuals\/wurlitzer-3000-service-manual-engl\/"},"modified":"2018-03-06T15:06:56","modified_gmt":"2018-03-06T14:06:56","slug":"wurlitzer-3000-service-manual-engl","status":"publish","type":"product","link":"https:\/\/wurlitzer-shop.de\/fr\/shop\/manuals\/service-manuals-wurlitzer-usa\/wurlitzer-3000-service-manual-engl\/","title":{"rendered":"Wurlitzer 3000 &#8211; Service Manual (anglais)"},"content":{"rendered":"<p>Instructions de service pour 3000 series models (Wurlitzer 3000 + 3010) &#8211; compl. diagrammes,pi\u00e9ces de rechange et tableau de recherche de panne<\/p>\n<p><span id=\"result_box\" class=\"\" lang=\"fr\"><span class=\"\">Il n&rsquo;y avait pas de manuel sp\u00e9cial Wurlitzer pour ces mod\u00e8les.<\/span> <span class=\"\">C&rsquo;\u00e9tait le manuel pour la s\u00e9rie 2900 avec un suppl\u00e9ment pour les 3000 pi\u00e8ces et sch\u00e9mas sp\u00e9cifiques.Ici nous offrons les deux parties combin\u00e9es dans un manuel.<br \/>\n<\/span><\/span><\/p>\n<p>152 S.<\/p>","protected":false},"excerpt":{"rendered":"<p>ttc, frais d\u00b4expedition en sus<\/p>\n","protected":false},"featured_media":2318,"template":"","meta":[],"product_cat":[71,130],"product_tag":[76,125],"_links":{"self":[{"href":"https:\/\/wurlitzer-shop.de\/fr\/wp-json\/wp\/v2\/product\/2317"}],"collection":[{"href":"https:\/\/wurlitzer-shop.de\/fr\/wp-json\/wp\/v2\/product"}],"about":[{"href":"https:\/\/wurlitzer-shop.de\/fr\/wp-json\/wp\/v2\/types\/product"}],"wp:featuredmedia":[{"embeddable":true,"href":"https:\/\/wurlitzer-shop.de\/fr\/wp-json\/wp\/v2\/media\/2318"}],"wp:attachment":[{"href":"https:\/\/wurlitzer-shop.de\/fr\/wp-json\/wp\/v2\/media?parent=2317"}],"wp:term":[{"taxonomy":"product_cat","embeddable":true,"href":"https:\/\/wurlitzer-shop.de\/fr\/wp-json\/wp\/v2\/product_cat?post=2317"},{"taxonomy":"product_tag","embeddable":true,"href":"https:\/\/wurlitzer-shop.de\/fr\/wp-json\/wp\/v2\/product_tag?post=2317"}],"curies":[{"name":"wp","href":"https:\/\/api.w.org\/{rel}","templated":true}]}}