{"id":234,"date":"2016-07-18T12:17:09","date_gmt":"2016-07-18T10:17:09","guid":{"rendered":"http:\/\/wurlitzer-shop.de\/?post_type=product&#038;p=234"},"modified":"2020-07-29T01:33:17","modified_gmt":"2020-07-28T23:33:17","slug":"kombimutter-mit-scheibe","status":"publish","type":"product","link":"https:\/\/wurlitzer-shop.de\/fr\/shop\/wurlitzer-omt\/omt-gehaeuse\/kombimutter-mit-scheibe\/","title":{"rendered":"\u00c9crou combin\u00e9 avec la rondelle"},"content":{"rendered":"","protected":false},"excerpt":{"rendered":"<p>ttc, frais d&rsquo;exp\u00e9dition en sus<\/p>\n<h6>voir la figure (6)<\/h6>\n","protected":false},"featured_media":1592,"template":"","meta":[],"product_cat":[52,26,34,32,27],"product_tag":[47,48,45,46],"_links":{"self":[{"href":"https:\/\/wurlitzer-shop.de\/fr\/wp-json\/wp\/v2\/product\/234"}],"collection":[{"href":"https:\/\/wurlitzer-shop.de\/fr\/wp-json\/wp\/v2\/product"}],"about":[{"href":"https:\/\/wurlitzer-shop.de\/fr\/wp-json\/wp\/v2\/types\/product"}],"wp:featuredmedia":[{"embeddable":true,"href":"https:\/\/wurlitzer-shop.de\/fr\/wp-json\/wp\/v2\/media\/1592"}],"wp:attachment":[{"href":"https:\/\/wurlitzer-shop.de\/fr\/wp-json\/wp\/v2\/media?parent=234"}],"wp:term":[{"taxonomy":"product_cat","embeddable":true,"href":"https:\/\/wurlitzer-shop.de\/fr\/wp-json\/wp\/v2\/product_cat?post=234"},{"taxonomy":"product_tag","embeddable":true,"href":"https:\/\/wurlitzer-shop.de\/fr\/wp-json\/wp\/v2\/product_tag?post=234"}],"curies":[{"name":"wp","href":"https:\/\/api.w.org\/{rel}","templated":true}]}}