{"id":2393,"date":"2018-02-11T01:36:03","date_gmt":"2018-02-11T00:36:03","guid":{"rendered":"http:\/\/wurlitzer-shop.de\/shop\/manuals\/wurlitzer-1050-service-manual-engl\/"},"modified":"2018-03-06T15:04:45","modified_gmt":"2018-03-06T14:04:45","slug":"wurlitzer-1050-service-manual-engl","status":"publish","type":"product","link":"https:\/\/wurlitzer-shop.de\/fr\/shop\/manuals\/service-manuals-wurlitzer-usa\/wurlitzer-1050-service-manual-engl\/","title":{"rendered":"Wurlitzer 1050 &#8211; Service Manual (anglais)"},"content":{"rendered":"<p>Instructions de service pour 1050 model.<\/p>\n<p><span id=\"result_box\" class=\"\" lang=\"fr\"><span class=\"\">Il n&rsquo;y avait pas de manuel sp\u00e9cial Wurlitzer pour ces mod\u00e8les.<\/span> <span class=\"\">C&rsquo;\u00e9tait le manuel pour la s\u00e9rie 3700 avec un suppl\u00e9ment pour les 1050 pi\u00e8ces et sch\u00e9mas sp\u00e9cifiques.Ici nous offrons les deux parties combin\u00e9es dans un manuel.<\/span><\/span><\/p>\n<p>144 pages<\/p>","protected":false},"excerpt":{"rendered":"<p>ttc, frais d\u00b4expedition en sus<\/p>\n","protected":false},"featured_media":2397,"template":"","meta":[],"product_cat":[71,130],"product_tag":[76,125],"_links":{"self":[{"href":"https:\/\/wurlitzer-shop.de\/fr\/wp-json\/wp\/v2\/product\/2393"}],"collection":[{"href":"https:\/\/wurlitzer-shop.de\/fr\/wp-json\/wp\/v2\/product"}],"about":[{"href":"https:\/\/wurlitzer-shop.de\/fr\/wp-json\/wp\/v2\/types\/product"}],"wp:featuredmedia":[{"embeddable":true,"href":"https:\/\/wurlitzer-shop.de\/fr\/wp-json\/wp\/v2\/media\/2397"}],"wp:attachment":[{"href":"https:\/\/wurlitzer-shop.de\/fr\/wp-json\/wp\/v2\/media?parent=2393"}],"wp:term":[{"taxonomy":"product_cat","embeddable":true,"href":"https:\/\/wurlitzer-shop.de\/fr\/wp-json\/wp\/v2\/product_cat?post=2393"},{"taxonomy":"product_tag","embeddable":true,"href":"https:\/\/wurlitzer-shop.de\/fr\/wp-json\/wp\/v2\/product_tag?post=2393"}],"curies":[{"name":"wp","href":"https:\/\/api.w.org\/{rel}","templated":true}]}}