{"id":2716,"date":"2018-05-28T02:36:04","date_gmt":"2018-05-28T00:36:04","guid":{"rendered":"http:\/\/wurlitzer-shop.de\/?post_type=product&#038;p=2716"},"modified":"2023-03-23T16:53:54","modified_gmt":"2023-03-23T15:53:54","slug":"princess-antriebsriemen-mit-mitnehmer-fuer-die-titelkarten-buecher","status":"publish","type":"product","link":"https:\/\/wurlitzer-shop.de\/fr\/shop\/omt-princess\/princess-antriebsriemen-mit-mitnehmer-fuer-die-titelkarten-buecher\/","title":{"rendered":"Courroie de pilotage (pour titulaire titlecard)"},"content":{"rendered":"<p><span id=\"result_box\" class=\"\" lang=\"fr\"><span class=\"\">Ces courroies de distribution sp\u00e9ciales ne sont pas disponibles depuis plusieurs ann\u00e9es. Nous avons reproduit ces courroies crant\u00e9es sp\u00e9ciales.<\/span> <span class=\"\">Les ceintures sont bien s\u00fbr compl\u00e8tes avec tous les transporteurs, pr\u00eats pour l&rsquo;installation.<\/span> <span class=\"\">Les courroies sont d&rsquo;excellente qualit\u00e9, et comme toutes nos pi\u00e8ces, elles ont \u00e9t\u00e9 test\u00e9es par nos soins avant la production.<\/span><\/span><\/p>","protected":false},"excerpt":{"rendered":"<p>ttc, frais d\u00b4expedition en sus<\/p>\n<h6>voir la figure 7 (no.15)<\/h6>\n","protected":false},"featured_media":2953,"template":"","meta":[],"product_cat":[22],"product_tag":[83,172],"_links":{"self":[{"href":"https:\/\/wurlitzer-shop.de\/fr\/wp-json\/wp\/v2\/product\/2716"}],"collection":[{"href":"https:\/\/wurlitzer-shop.de\/fr\/wp-json\/wp\/v2\/product"}],"about":[{"href":"https:\/\/wurlitzer-shop.de\/fr\/wp-json\/wp\/v2\/types\/product"}],"wp:featuredmedia":[{"embeddable":true,"href":"https:\/\/wurlitzer-shop.de\/fr\/wp-json\/wp\/v2\/media\/2953"}],"wp:attachment":[{"href":"https:\/\/wurlitzer-shop.de\/fr\/wp-json\/wp\/v2\/media?parent=2716"}],"wp:term":[{"taxonomy":"product_cat","embeddable":true,"href":"https:\/\/wurlitzer-shop.de\/fr\/wp-json\/wp\/v2\/product_cat?post=2716"},{"taxonomy":"product_tag","embeddable":true,"href":"https:\/\/wurlitzer-shop.de\/fr\/wp-json\/wp\/v2\/product_tag?post=2716"}],"curies":[{"name":"wp","href":"https:\/\/api.w.org\/{rel}","templated":true}]}}