{"id":2850,"date":"2018-06-26T00:27:40","date_gmt":"2018-06-25T22:27:40","guid":{"rendered":"https:\/\/wurlitzer-shop.de\/?post_type=product&#038;p=2850"},"modified":"2023-11-27T20:17:09","modified_gmt":"2023-11-27T19:17:09","slug":"gummi-f-plattentellermotor-aufhaengung-oben","status":"publish","type":"product","link":"https:\/\/wurlitzer-shop.de\/fr\/shop\/wurlitzer-jukeboxes-fruehere-modelle-usa\/ersatzteile-fuer-wurlitzer-modelle-1700-und-1800\/gummi-f-plattentellermotor-aufhaengung-oben\/","title":{"rendered":"Support de moteur de plateau tournant (sup\u00e9rieur), y compris les noix"},"content":{"rendered":"<p><span id=\"result_box\" class=\"short_text\" lang=\"fr\"><span class=\"\">Pour les moteurs de plaque tournante Wurlitzer 1700 \u00e0 3300 &#8211; 2 pi\u00e8ces sont n\u00e9cessaires<br \/>\n<\/span><\/span><\/p>\n<p>Wurlitzer 3400 &#8211; 3900 and 1050 &#8211; 4<span id=\"result_box\" class=\"short_text\" lang=\"fr\"><span class=\"\"> pi\u00e8ces sont n\u00e9cessaires<\/span><\/span><\/p>\n<p><span id=\"result_box\" class=\"\" lang=\"fr\"><span class=\"\">ces supports de moteur sont \u00e9galement utilis\u00e9s dans les circuits imprim\u00e9s des amplis Wurlitzer<\/span><\/span><\/p>\n<p><span id=\"result_box\" class=\"\" lang=\"fr\"><span class=\"\">\u00e9galement utilis\u00e9 dans les juke-box suivants: Jupiter 1956 &#8211; 1975 (2 pi\u00e8ces n\u00e9cessaires), Bergmann de 1966 jusqu&rsquo;\u00e0 avec m\u00e9canisme Jupiter (2 requis)<\/span><\/span><\/p>","protected":false},"excerpt":{"rendered":"<p>Pour les moteurs de plaque tournante Wurlitzer 1700 \u00e0 3300 &#8211; 2 pi\u00e8ces sont n\u00e9cessaires Wurlitzer 3400 &#8211; 3900 and 1050 &#8211; 4 pi\u00e8ces sont n\u00e9cessaires ces supports de moteur sont \u00e9galement utilis\u00e9s dans les circuits imprim\u00e9s des amplis Wurlitzer \u00e9galement utilis\u00e9 dans les juke-box suivants: Jupiter 1956 &#8211; 1975 (2 pi\u00e8ces n\u00e9cessaires), Bergmann de<\/p>\n<div class=\"more-link\">\n\t\t\t\t <a href=\"https:\/\/wurlitzer-shop.de\/fr\/shop\/wurlitzer-jukeboxes-fruehere-modelle-usa\/ersatzteile-fuer-wurlitzer-modelle-1700-und-1800\/gummi-f-plattentellermotor-aufhaengung-oben\/\" class=\"btn theme-btn\"><span>Read More <\/span><\/a>\n\t\t\t<\/div>\n","protected":false},"featured_media":2851,"template":"","meta":[],"product_cat":[162,163,164,166,165,143],"product_tag":[],"_links":{"self":[{"href":"https:\/\/wurlitzer-shop.de\/fr\/wp-json\/wp\/v2\/product\/2850"}],"collection":[{"href":"https:\/\/wurlitzer-shop.de\/fr\/wp-json\/wp\/v2\/product"}],"about":[{"href":"https:\/\/wurlitzer-shop.de\/fr\/wp-json\/wp\/v2\/types\/product"}],"wp:featuredmedia":[{"embeddable":true,"href":"https:\/\/wurlitzer-shop.de\/fr\/wp-json\/wp\/v2\/media\/2851"}],"wp:attachment":[{"href":"https:\/\/wurlitzer-shop.de\/fr\/wp-json\/wp\/v2\/media?parent=2850"}],"wp:term":[{"taxonomy":"product_cat","embeddable":true,"href":"https:\/\/wurlitzer-shop.de\/fr\/wp-json\/wp\/v2\/product_cat?post=2850"},{"taxonomy":"product_tag","embeddable":true,"href":"https:\/\/wurlitzer-shop.de\/fr\/wp-json\/wp\/v2\/product_tag?post=2850"}],"curies":[{"name":"wp","href":"https:\/\/api.w.org\/{rel}","templated":true}]}}