{"id":2852,"date":"2018-06-26T00:44:04","date_gmt":"2018-06-25T22:44:04","guid":{"rendered":"https:\/\/wurlitzer-shop.de\/?post_type=product&#038;p=2852"},"modified":"2023-11-27T20:16:21","modified_gmt":"2023-11-27T19:16:21","slug":"gummi-f-plattentellermotor-aufhaengung-oben-bis-bj-1974","status":"publish","type":"product","link":"https:\/\/wurlitzer-shop.de\/fr\/shop\/jukeboxes-earlier-models\/gummi-f-plattentellermotor-aufhaengung-oben-bis-bj-1974\/","title":{"rendered":"Support de moteur de plateau tournant (sup\u00e9rieur)-jusqu&rsquo;\u00e0 l&rsquo;ann\u00e9e de construction 1974"},"content":{"rendered":"<p><span id=\"result_box\" class=\"short_text\" lang=\"fr\"><span class=\"\">Pour les moteurs de plaque tournante Wurlitzer jusqu&rsquo;en 1974 &#8211; 3 pi\u00e8ces sont n\u00e9cessaires, <span class=\"VIiyi\" lang=\"fr\"><span class=\"JLqJ4b ChMk0b\" data-language-for-alternatives=\"fr\" data-language-to-translate-into=\"de\" data-phrase-index=\"0\">y compris les noix<\/span><\/span><br \/>\n<\/span><\/span><\/p>\n<p><span id=\"result_box\" class=\"\" lang=\"fr\"><span class=\"\">\u00e9galement utilis\u00e9 dans les juke-box suivants: Jupiter 1956 &#8211; 1975 (2 pi\u00e8ces n\u00e9cessaires), Bergmann de 1966 jusqu&rsquo;\u00e0 avec m\u00e9canisme Jupiter (2 requis)<\/span><\/span><\/p>","protected":false},"excerpt":{"rendered":"<p>Pour les moteurs de plaque tournante Wurlitzer jusqu&rsquo;en 1974 &#8211; 3 pi\u00e8ces sont n\u00e9cessaires, y compris les noix \u00e9galement utilis\u00e9 dans les juke-box suivants: Jupiter 1956 &#8211; 1975 (2 pi\u00e8ces n\u00e9cessaires), Bergmann de 1966 jusqu&rsquo;\u00e0 avec m\u00e9canisme Jupiter (2 requis)<\/p>\n","protected":false},"featured_media":2851,"template":"","meta":[],"product_cat":[115],"product_tag":[],"_links":{"self":[{"href":"https:\/\/wurlitzer-shop.de\/fr\/wp-json\/wp\/v2\/product\/2852"}],"collection":[{"href":"https:\/\/wurlitzer-shop.de\/fr\/wp-json\/wp\/v2\/product"}],"about":[{"href":"https:\/\/wurlitzer-shop.de\/fr\/wp-json\/wp\/v2\/types\/product"}],"wp:featuredmedia":[{"embeddable":true,"href":"https:\/\/wurlitzer-shop.de\/fr\/wp-json\/wp\/v2\/media\/2851"}],"wp:attachment":[{"href":"https:\/\/wurlitzer-shop.de\/fr\/wp-json\/wp\/v2\/media?parent=2852"}],"wp:term":[{"taxonomy":"product_cat","embeddable":true,"href":"https:\/\/wurlitzer-shop.de\/fr\/wp-json\/wp\/v2\/product_cat?post=2852"},{"taxonomy":"product_tag","embeddable":true,"href":"https:\/\/wurlitzer-shop.de\/fr\/wp-json\/wp\/v2\/product_tag?post=2852"}],"curies":[{"name":"wp","href":"https:\/\/api.w.org\/{rel}","templated":true}]}}