{"id":312,"date":"2016-07-20T13:06:07","date_gmt":"2016-07-20T11:06:07","guid":{"rendered":"http:\/\/wurlitzer-shop.de\/?post_type=product&#038;p=312"},"modified":"2025-11-14T18:50:30","modified_gmt":"2025-11-14T17:50:30","slug":"wua-1-schloss-gehaeuse-mit-1-schluessel","status":"publish","type":"product","link":"https:\/\/wurlitzer-shop.de\/fr\/shop\/wurlitzer-omt\/omt-gehaeuse\/wua-1-schloss-gehaeuse-mit-1-schluessel\/","title":{"rendered":"serrure cabinet WUA-1, avec 1 cl\u00e9"},"content":{"rendered":"<p><span class=\"tlid-translation translation\" lang=\"fr\"><span class=\"\" title=\"\"><span class=\"VIiyi\" lang=\"fr\"><span class=\"JLqJ4b ChMk0b\" data-language-for-alternatives=\"fr\" data-language-to-translate-into=\"en\" data-phrase-index=\"0\">Serrure d&rsquo;armoire d&rsquo;origine Wurlitzer.<\/span><\/span> Ce verrou a \u00e9t\u00e9 utilis\u00e9 dans tous les mod\u00e8les One More Time et la plupart des jukebox pr\u00e9c\u00e9dents.<\/span><\/span><\/p>\n<p><strong><span class=\"tlid-translation translation\" lang=\"fr\"><span class=\"\" title=\"\">\u00a0<\/span><\/span><\/strong><\/p>\n<p><span style=\"color: #ff6600;\"><strong><span class=\"tlid-translation translation\" lang=\"fr\"><span class=\"\" title=\"\">\u00a0<\/span><\/span><\/strong><\/span><\/p>","protected":false},"excerpt":{"rendered":"<p>ttc, frais d&rsquo;exp\u00e9dition en sus<\/p>\n<h6>voir la figure (1)<\/h6>\n","protected":false},"featured_media":5528,"template":"","meta":[],"product_cat":[52,26,34,27,35,69,22,23,24,25,108,115],"product_tag":[59,60,45],"_links":{"self":[{"href":"https:\/\/wurlitzer-shop.de\/fr\/wp-json\/wp\/v2\/product\/312"}],"collection":[{"href":"https:\/\/wurlitzer-shop.de\/fr\/wp-json\/wp\/v2\/product"}],"about":[{"href":"https:\/\/wurlitzer-shop.de\/fr\/wp-json\/wp\/v2\/types\/product"}],"wp:featuredmedia":[{"embeddable":true,"href":"https:\/\/wurlitzer-shop.de\/fr\/wp-json\/wp\/v2\/media\/5528"}],"wp:attachment":[{"href":"https:\/\/wurlitzer-shop.de\/fr\/wp-json\/wp\/v2\/media?parent=312"}],"wp:term":[{"taxonomy":"product_cat","embeddable":true,"href":"https:\/\/wurlitzer-shop.de\/fr\/wp-json\/wp\/v2\/product_cat?post=312"},{"taxonomy":"product_tag","embeddable":true,"href":"https:\/\/wurlitzer-shop.de\/fr\/wp-json\/wp\/v2\/product_tag?post=312"}],"curies":[{"name":"wp","href":"https:\/\/api.w.org\/{rel}","templated":true}]}}