{"id":3775,"date":"2019-10-02T01:54:12","date_gmt":"2019-10-01T23:54:12","guid":{"rendered":"https:\/\/wurlitzer-shop.de\/?post_type=product&#038;p=3775"},"modified":"2019-10-02T02:05:53","modified_gmt":"2019-10-02T00:05:53","slug":"operator-card-aufstellerkaertchen-klassisch","status":"publish","type":"product","link":"https:\/\/wurlitzer-shop.de\/fr\/shop\/wurlitzer-jukeboxes-fruehere-modelle-usa\/ersatzteile-fuer-wurlitzer-modelle-1700-und-1800\/operator-card-aufstellerkaertchen-klassisch\/","title":{"rendered":"carte op\u00e9rateur"},"content":{"rendered":"<p><span class=\"tlid-translation translation\" lang=\"fr\"><span class=\"\" title=\"\">Reproduction du carte op\u00e9rateur \u00e1 sous Wurlitzer des ann\u00e9es 50 dans la couleur d&rsquo;origine.<\/span><\/span><\/p>\n<p>Taille 10,6 x 6,4 cm<\/p>","protected":false},"excerpt":{"rendered":"<p>ttc, frais d\u00b4expedition en sus<\/p>\n","protected":false},"featured_media":3776,"template":"","meta":[],"product_cat":[167,162,163,164,166,165,143],"product_tag":[173,45],"_links":{"self":[{"href":"https:\/\/wurlitzer-shop.de\/fr\/wp-json\/wp\/v2\/product\/3775"}],"collection":[{"href":"https:\/\/wurlitzer-shop.de\/fr\/wp-json\/wp\/v2\/product"}],"about":[{"href":"https:\/\/wurlitzer-shop.de\/fr\/wp-json\/wp\/v2\/types\/product"}],"wp:featuredmedia":[{"embeddable":true,"href":"https:\/\/wurlitzer-shop.de\/fr\/wp-json\/wp\/v2\/media\/3776"}],"wp:attachment":[{"href":"https:\/\/wurlitzer-shop.de\/fr\/wp-json\/wp\/v2\/media?parent=3775"}],"wp:term":[{"taxonomy":"product_cat","embeddable":true,"href":"https:\/\/wurlitzer-shop.de\/fr\/wp-json\/wp\/v2\/product_cat?post=3775"},{"taxonomy":"product_tag","embeddable":true,"href":"https:\/\/wurlitzer-shop.de\/fr\/wp-json\/wp\/v2\/product_tag?post=3775"}],"curies":[{"name":"wp","href":"https:\/\/api.w.org\/{rel}","templated":true}]}}