{"id":3779,"date":"2019-10-02T02:00:34","date_gmt":"2019-10-02T00:00:34","guid":{"rendered":"https:\/\/wurlitzer-shop.de\/?post_type=product&#038;p=3779"},"modified":"2019-10-02T02:04:34","modified_gmt":"2019-10-02T00:04:34","slug":"operator-card-aufstellerkaertchen-fruehe-ausfuehrung","status":"publish","type":"product","link":"https:\/\/wurlitzer-shop.de\/fr\/shop\/wurlitzer-jukeboxes-fruehere-modelle-usa\/ersatzteile-fuer-wurlitzer-modelle-ab-1015\/operator-card-aufstellerkaertchen-fruehe-ausfuehrung\/","title":{"rendered":"carte op\u00e9rateur &#8211; ancienne version"},"content":{"rendered":"<p><span class=\"tlid-translation translation\" lang=\"fr\"><span class=\"\" title=\"\">Reproduction de la carte op\u00e9rateur Wurlitzer du d\u00e9but des ann\u00e9es 40 dans la couleur d&rsquo;origine.<\/span><\/span><\/p>\n<p>Taille 10,6 x 6,8 cm<\/p>","protected":false},"excerpt":{"rendered":"<p>ttc, frais d\u00b4expedition en sus<\/p>\n","protected":false},"featured_media":3780,"template":"","meta":[],"product_cat":[167,143],"product_tag":[173,45],"_links":{"self":[{"href":"https:\/\/wurlitzer-shop.de\/fr\/wp-json\/wp\/v2\/product\/3779"}],"collection":[{"href":"https:\/\/wurlitzer-shop.de\/fr\/wp-json\/wp\/v2\/product"}],"about":[{"href":"https:\/\/wurlitzer-shop.de\/fr\/wp-json\/wp\/v2\/types\/product"}],"wp:featuredmedia":[{"embeddable":true,"href":"https:\/\/wurlitzer-shop.de\/fr\/wp-json\/wp\/v2\/media\/3780"}],"wp:attachment":[{"href":"https:\/\/wurlitzer-shop.de\/fr\/wp-json\/wp\/v2\/media?parent=3779"}],"wp:term":[{"taxonomy":"product_cat","embeddable":true,"href":"https:\/\/wurlitzer-shop.de\/fr\/wp-json\/wp\/v2\/product_cat?post=3779"},{"taxonomy":"product_tag","embeddable":true,"href":"https:\/\/wurlitzer-shop.de\/fr\/wp-json\/wp\/v2\/product_tag?post=3779"}],"curies":[{"name":"wp","href":"https:\/\/api.w.org\/{rel}","templated":true}]}}