{"id":3957,"date":"2019-12-02T00:25:47","date_gmt":"2019-12-01T23:25:47","guid":{"rendered":"https:\/\/wurlitzer-shop.de\/?post_type=product&#038;p=3957"},"modified":"2024-03-20T17:34:26","modified_gmt":"2024-03-20T16:34:26","slug":"verstaerker-i-84-omt-cd-im-austausch","status":"publish","type":"product","link":"https:\/\/wurlitzer-shop.de\/fr\/shop\/wurlitzer-omt\/omt-technik\/verstaerker-i-84-omt-cd-im-austausch\/","title":{"rendered":"Amplificateur I-84 pour OMT-CD -remani\u00e9"},"content":{"rendered":"<p><span style=\"color: #00ccff;\">Nous vous offrons cette pi\u00e8ce de rechange en exchange:<\/span><\/p>\n<p><span style=\"color: #00ccff;\">Pour que nous avons besoin de v\u00f4tre pi\u00e8ce defecteuse.<\/span><\/p>\n<p><span style=\"color: #00ccff;\">Puis vous recevrez un pi\u00e8ce r\u00e9par\u00e9e et totalement en fonction.<\/span><\/p>","protected":false},"excerpt":{"rendered":"<p>ttc, frais d\u00b4expedition en sus<\/p>\n<h6>voir la figure (24)<\/h6>\n<p>&nbsp;<\/p>\n","protected":false},"featured_media":813,"template":"","meta":[],"product_cat":[52,27,81,22,25,108,115],"product_tag":[63,80],"_links":{"self":[{"href":"https:\/\/wurlitzer-shop.de\/fr\/wp-json\/wp\/v2\/product\/3957"}],"collection":[{"href":"https:\/\/wurlitzer-shop.de\/fr\/wp-json\/wp\/v2\/product"}],"about":[{"href":"https:\/\/wurlitzer-shop.de\/fr\/wp-json\/wp\/v2\/types\/product"}],"wp:featuredmedia":[{"embeddable":true,"href":"https:\/\/wurlitzer-shop.de\/fr\/wp-json\/wp\/v2\/media\/813"}],"wp:attachment":[{"href":"https:\/\/wurlitzer-shop.de\/fr\/wp-json\/wp\/v2\/media?parent=3957"}],"wp:term":[{"taxonomy":"product_cat","embeddable":true,"href":"https:\/\/wurlitzer-shop.de\/fr\/wp-json\/wp\/v2\/product_cat?post=3957"},{"taxonomy":"product_tag","embeddable":true,"href":"https:\/\/wurlitzer-shop.de\/fr\/wp-json\/wp\/v2\/product_tag?post=3957"}],"curies":[{"name":"wp","href":"https:\/\/api.w.org\/{rel}","templated":true}]}}