{"id":399,"date":"2016-07-21T12:21:17","date_gmt":"2016-07-21T10:21:17","guid":{"rendered":"http:\/\/wurlitzer-shop.de\/?post_type=product&#038;p=399"},"modified":"2024-03-17T22:47:17","modified_gmt":"2024-03-17T21:47:17","slug":"cd-player-platine-controllerat","status":"publish","type":"product","link":"https:\/\/wurlitzer-shop.de\/fr\/shop\/wurlitzer-omt\/omt-technik\/cd-player-platine-controllerat\/","title":{"rendered":"circuit box imprim\u00e9 compl.(controller) &#8211; echang\u00e9"},"content":{"rendered":"<p>Nous vous offrons cette pi\u00e8ce de rechange en exchange:<\/p>\n<p>Pour que nous avons besoin de v\u00f4tre pi\u00e8ce defecteuse.<\/p>\n<p>Puis vous recevrez un pi\u00e8ce r\u00e9par\u00e9e et totalement en fonction.","protected":false},"excerpt":{"rendered":"<p>plus shipping<\/p>\n<h6>voir la figure (49)<\/h6>\n<p>plus shipping<\/p>\n<h6>voir la figure (49)<\/h6>\n","protected":false},"featured_media":1743,"template":"","meta":[],"product_cat":[52,27,39,25,107],"product_tag":[67,45,63],"_links":{"self":[{"href":"https:\/\/wurlitzer-shop.de\/fr\/wp-json\/wp\/v2\/product\/399"}],"collection":[{"href":"https:\/\/wurlitzer-shop.de\/fr\/wp-json\/wp\/v2\/product"}],"about":[{"href":"https:\/\/wurlitzer-shop.de\/fr\/wp-json\/wp\/v2\/types\/product"}],"wp:featuredmedia":[{"embeddable":true,"href":"https:\/\/wurlitzer-shop.de\/fr\/wp-json\/wp\/v2\/media\/1743"}],"wp:attachment":[{"href":"https:\/\/wurlitzer-shop.de\/fr\/wp-json\/wp\/v2\/media?parent=399"}],"wp:term":[{"taxonomy":"product_cat","embeddable":true,"href":"https:\/\/wurlitzer-shop.de\/fr\/wp-json\/wp\/v2\/product_cat?post=399"},{"taxonomy":"product_tag","embeddable":true,"href":"https:\/\/wurlitzer-shop.de\/fr\/wp-json\/wp\/v2\/product_tag?post=399"}],"curies":[{"name":"wp","href":"https:\/\/api.w.org\/{rel}","templated":true}]}}