{"id":5196,"date":"2021-02-27T14:22:01","date_gmt":"2021-02-27T13:22:01","guid":{"rendered":"https:\/\/wurlitzer-shop.de\/?post_type=product&#038;p=5196"},"modified":"2021-04-03T00:49:31","modified_gmt":"2021-04-02T22:49:31","slug":"gasdruckfeder-halterung-frontscheibe","status":"publish","type":"product","link":"https:\/\/wurlitzer-shop.de\/fr\/shop\/classic-20002100vinyl\/gasdruckfeder-halterung-frontscheibe\/","title":{"rendered":"V\u00e9rin \u00e0 gaz &#8211; support de vitre avant"},"content":{"rendered":"<p><span class=\"VIiyi\" lang=\"fr\" style=\"color: #00ccff;\"><span class=\"JLqJ4b ChMk0b\" data-language-for-alternatives=\"fr\" data-language-to-translate-into=\"de\" data-phrase-index=\"0\">Ressort \u00e0 gaz pour le Wurlitzer Classic 2000\/2100 &#8211; les ressorts \u00e0 gaz utilis\u00e9s par Wurlitzer \u00e0 l&rsquo;\u00e9poque \u00e9taient un peu trop faibles, nous proposons des ressorts meilleurs et plus r\u00e9sistants pour un maintien s\u00fbr du pare-brise.<\/span><\/span><\/p>","protected":false},"excerpt":{"rendered":"<p>frais d&rsquo;exp\u00e9dition en sus<\/p>\n<h6><\/h6>\n","protected":false},"featured_media":5305,"template":"","meta":[],"product_cat":[24],"product_tag":[98,45],"_links":{"self":[{"href":"https:\/\/wurlitzer-shop.de\/fr\/wp-json\/wp\/v2\/product\/5196"}],"collection":[{"href":"https:\/\/wurlitzer-shop.de\/fr\/wp-json\/wp\/v2\/product"}],"about":[{"href":"https:\/\/wurlitzer-shop.de\/fr\/wp-json\/wp\/v2\/types\/product"}],"wp:featuredmedia":[{"embeddable":true,"href":"https:\/\/wurlitzer-shop.de\/fr\/wp-json\/wp\/v2\/media\/5305"}],"wp:attachment":[{"href":"https:\/\/wurlitzer-shop.de\/fr\/wp-json\/wp\/v2\/media?parent=5196"}],"wp:term":[{"taxonomy":"product_cat","embeddable":true,"href":"https:\/\/wurlitzer-shop.de\/fr\/wp-json\/wp\/v2\/product_cat?post=5196"},{"taxonomy":"product_tag","embeddable":true,"href":"https:\/\/wurlitzer-shop.de\/fr\/wp-json\/wp\/v2\/product_tag?post=5196"}],"curies":[{"name":"wp","href":"https:\/\/api.w.org\/{rel}","templated":true}]}}