{"id":5275,"date":"2021-03-23T01:22:38","date_gmt":"2021-03-23T00:22:38","guid":{"rendered":"https:\/\/wurlitzer-shop.de\/?post_type=product&#038;p=5275"},"modified":"2025-12-20T20:09:28","modified_gmt":"2025-12-20T19:09:28","slug":"gasdruckfeder-fuego-diana-carillon-niagara-silhouette-tarock","status":"publish","type":"product","link":"https:\/\/wurlitzer-shop.de\/fr\/shop\/jukeboxes-earlier-models\/gasdruckfeder-fuego-diana-carillon-niagara-silhouette-tarock\/","title":{"rendered":"V\u00e9rin \u00e0 gaz &#8211; Fuego\/Diana\/ Carillon\/Niagara\/Silhouette\/Tarock"},"content":{"rendered":"<p><span class=\"VIiyi\" lang=\"fr\"><span class=\"JLqJ4b ChMk0b\" data-language-for-alternatives=\"fr\" data-language-to-translate-into=\"en\" data-phrase-index=\"0\">V\u00e9rin \u00e0 gaz pour les juke-box Wurlitzer suivants:<\/span><\/span><\/p>\n<p>Fuego `84-87\/ Carillon `80\/ Diana `84\/ Silhouette `81\/ Tarock `82-87 <span class=\"VIiyi\" lang=\"fr\"><span class=\"JLqJ4b ChMk0b\" data-language-for-alternatives=\"fr\" data-language-to-translate-into=\"de\" data-phrase-index=\"0\">&#8211; les ressorts \u00e0 gaz utilis\u00e9s par Wurlitzer \u00e0 l&rsquo;\u00e9poque \u00e9taient un peu trop faibles, nous proposons des ressorts meilleurs et plus r\u00e9sistants pour un maintien s\u00fbr du pare-brise<\/span><\/span><\/p>\n<p>&nbsp;<\/p>\n<p>&nbsp;<\/p>","protected":false},"excerpt":{"rendered":"<p>frais d&rsquo;exp\u00e9dition en sus<\/p>\n<h6><\/h6>\n","protected":false},"featured_media":0,"template":"","meta":[],"product_cat":[115],"product_tag":[208,207,182,213,45],"_links":{"self":[{"href":"https:\/\/wurlitzer-shop.de\/fr\/wp-json\/wp\/v2\/product\/5275"}],"collection":[{"href":"https:\/\/wurlitzer-shop.de\/fr\/wp-json\/wp\/v2\/product"}],"about":[{"href":"https:\/\/wurlitzer-shop.de\/fr\/wp-json\/wp\/v2\/types\/product"}],"wp:attachment":[{"href":"https:\/\/wurlitzer-shop.de\/fr\/wp-json\/wp\/v2\/media?parent=5275"}],"wp:term":[{"taxonomy":"product_cat","embeddable":true,"href":"https:\/\/wurlitzer-shop.de\/fr\/wp-json\/wp\/v2\/product_cat?post=5275"},{"taxonomy":"product_tag","embeddable":true,"href":"https:\/\/wurlitzer-shop.de\/fr\/wp-json\/wp\/v2\/product_tag?post=5275"}],"curies":[{"name":"wp","href":"https:\/\/api.w.org\/{rel}","templated":true}]}}