{"id":5316,"date":"2021-04-04T20:35:32","date_gmt":"2021-04-04T18:35:32","guid":{"rendered":"https:\/\/wurlitzer-shop.de\/?post_type=product&#038;p=5316"},"modified":"2021-04-05T00:48:59","modified_gmt":"2021-04-04T22:48:59","slug":"titeltraeger-princess","status":"publish","type":"product","link":"https:\/\/wurlitzer-shop.de\/fr\/shop\/omt-princess\/titeltraeger-princess\/","title":{"rendered":"Support d\u00b4\u00e9tiquettes &#8211; Princess"},"content":{"rendered":"<p><span class=\"VIiyi\" lang=\"fr\" style=\"color: #00ccff;\"><span class=\"JLqJ4b ChMk0b\" data-language-for-alternatives=\"fr\" data-language-to-translate-into=\"en\" data-phrase-index=\"0\">Titulaire des cartes de titres CD<\/span><\/span><\/p>\n<p><span class=\"VIiyi\" lang=\"fr\" style=\"color: #00ccff;\"><span class=\"JLqJ4b ChMk0b\" data-language-for-alternatives=\"fr\" data-language-to-translate-into=\"de\" data-phrase-index=\"0\">Autocollants (num\u00e9ros) pour le d\u00e9tenteur du titre: R\u00e9f.<\/span> <span class=\"JLqJ4b ChMk0b\" data-language-for-alternatives=\"fr\" data-language-to-translate-into=\"de\" data-phrase-index=\"1\">36718-a<\/span><\/span><\/p>","protected":false},"excerpt":{"rendered":"<p>ttc, frais d\u00b4expedition en sus<\/p>\n<h6>voir la figure 7 (no.7)<\/h6>\n<p>&nbsp;<\/p>\n","protected":false},"featured_media":5320,"template":"","meta":[],"product_cat":[22,25],"product_tag":[45,83],"_links":{"self":[{"href":"https:\/\/wurlitzer-shop.de\/fr\/wp-json\/wp\/v2\/product\/5316"}],"collection":[{"href":"https:\/\/wurlitzer-shop.de\/fr\/wp-json\/wp\/v2\/product"}],"about":[{"href":"https:\/\/wurlitzer-shop.de\/fr\/wp-json\/wp\/v2\/types\/product"}],"wp:featuredmedia":[{"embeddable":true,"href":"https:\/\/wurlitzer-shop.de\/fr\/wp-json\/wp\/v2\/media\/5320"}],"wp:attachment":[{"href":"https:\/\/wurlitzer-shop.de\/fr\/wp-json\/wp\/v2\/media?parent=5316"}],"wp:term":[{"taxonomy":"product_cat","embeddable":true,"href":"https:\/\/wurlitzer-shop.de\/fr\/wp-json\/wp\/v2\/product_cat?post=5316"},{"taxonomy":"product_tag","embeddable":true,"href":"https:\/\/wurlitzer-shop.de\/fr\/wp-json\/wp\/v2\/product_tag?post=5316"}],"curies":[{"name":"wp","href":"https:\/\/api.w.org\/{rel}","templated":true}]}}