{"id":5325,"date":"2021-04-05T01:39:39","date_gmt":"2021-04-04T23:39:39","guid":{"rendered":"https:\/\/wurlitzer-shop.de\/?post_type=product&#038;p=5325"},"modified":"2021-04-05T01:53:05","modified_gmt":"2021-04-04T23:53:05","slug":"bogen-oben-erste-serie-ohne-bubble-tubes","status":"publish","type":"product","link":"https:\/\/wurlitzer-shop.de\/fr\/shop\/wurlitzer-omt\/omt-gehaeuse\/bogen-oben-erste-serie-ohne-bubble-tubes\/","title":{"rendered":"Couvercle plastique (arche)  &#8211; premi\u00e8re production sans bubble tubes"},"content":{"rendered":"<p><span class=\"VIiyi\" lang=\"fr\"><span class=\"JLqJ4b ChMk0b\" data-language-for-alternatives=\"fr\" data-language-to-translate-into=\"de\" data-phrase-index=\"0\">Arche au dessus pour les bo\u00eetiers vinyle OMT de la premi\u00e8re s\u00e9rie sans tubes \u00e0 bulles <\/span><\/span><\/p>\n<p><span class=\"VIiyi\" lang=\"fr\"><span class=\"JLqJ4b ChMk0b\" data-language-for-alternatives=\"fr\" data-language-to-translate-into=\"de\" data-phrase-index=\"0\">Ancienne pi\u00e8ce non: 205 503 88<\/span><\/span><\/p>","protected":false},"excerpt":{"rendered":"<p>ttc, frais d&#039;exp\u00e9dition en sus<\/p>\n<h6>siehe Abbildung<\/h6>\n","protected":false},"featured_media":5327,"template":"","meta":[],"product_cat":[26,30],"product_tag":[47,45,87,46],"_links":{"self":[{"href":"https:\/\/wurlitzer-shop.de\/fr\/wp-json\/wp\/v2\/product\/5325"}],"collection":[{"href":"https:\/\/wurlitzer-shop.de\/fr\/wp-json\/wp\/v2\/product"}],"about":[{"href":"https:\/\/wurlitzer-shop.de\/fr\/wp-json\/wp\/v2\/types\/product"}],"wp:featuredmedia":[{"embeddable":true,"href":"https:\/\/wurlitzer-shop.de\/fr\/wp-json\/wp\/v2\/media\/5327"}],"wp:attachment":[{"href":"https:\/\/wurlitzer-shop.de\/fr\/wp-json\/wp\/v2\/media?parent=5325"}],"wp:term":[{"taxonomy":"product_cat","embeddable":true,"href":"https:\/\/wurlitzer-shop.de\/fr\/wp-json\/wp\/v2\/product_cat?post=5325"},{"taxonomy":"product_tag","embeddable":true,"href":"https:\/\/wurlitzer-shop.de\/fr\/wp-json\/wp\/v2\/product_tag?post=5325"}],"curies":[{"name":"wp","href":"https:\/\/api.w.org\/{rel}","templated":true}]}}