{"id":5341,"date":"2021-04-10T01:57:44","date_gmt":"2021-04-09T23:57:44","guid":{"rendered":"https:\/\/wurlitzer-shop.de\/?post_type=product&#038;p=5341"},"modified":"2022-10-24T20:25:36","modified_gmt":"2022-10-24T18:25:36","slug":"titelstreifen-fuer-78-rpm-jukeboxes-rot-weiss-classic","status":"publish","type":"product","link":"https:\/\/wurlitzer-shop.de\/fr\/shop\/wurlitzer-jukeboxes-fruehere-modelle-usa\/ersatzteile-fuer-wurlitzer-modelle-ab-1015\/titelstreifen-fuer-78-rpm-jukeboxes-rot-weiss-classic\/","title":{"rendered":"titlestrips pour 78 rpm jukeboxes &#8211; classic rouge &#8211; blanc"},"content":{"rendered":"<p><span class=\"VIiyi\" lang=\"fr\"><span class=\"JLqJ4b ChMk0b\" data-language-for-alternatives=\"fr\" data-language-to-translate-into=\"en\" data-phrase-index=\"0\">Titlestrips au design classique rouge \/ blanc.<\/span> <span class=\"JLqJ4b ChMk0b\" data-language-for-alternatives=\"fr\" data-language-to-translate-into=\"en\" data-phrase-index=\"1\">Vous obtenez 25 bandes par feuille, toutes sont perfor\u00e9es pour une utilisation facile et imprim\u00e9es sur un carton de la meilleure qualit\u00e9.<\/span><\/span><\/p>","protected":false},"excerpt":{"rendered":"<p>ttc, frais d\u00b4expedition en sus<\/p>\n","protected":false},"featured_media":5342,"template":"","meta":[],"product_cat":[167,28,143],"product_tag":[129,183,46],"_links":{"self":[{"href":"https:\/\/wurlitzer-shop.de\/fr\/wp-json\/wp\/v2\/product\/5341"}],"collection":[{"href":"https:\/\/wurlitzer-shop.de\/fr\/wp-json\/wp\/v2\/product"}],"about":[{"href":"https:\/\/wurlitzer-shop.de\/fr\/wp-json\/wp\/v2\/types\/product"}],"wp:featuredmedia":[{"embeddable":true,"href":"https:\/\/wurlitzer-shop.de\/fr\/wp-json\/wp\/v2\/media\/5342"}],"wp:attachment":[{"href":"https:\/\/wurlitzer-shop.de\/fr\/wp-json\/wp\/v2\/media?parent=5341"}],"wp:term":[{"taxonomy":"product_cat","embeddable":true,"href":"https:\/\/wurlitzer-shop.de\/fr\/wp-json\/wp\/v2\/product_cat?post=5341"},{"taxonomy":"product_tag","embeddable":true,"href":"https:\/\/wurlitzer-shop.de\/fr\/wp-json\/wp\/v2\/product_tag?post=5341"}],"curies":[{"name":"wp","href":"https:\/\/api.w.org\/{rel}","templated":true}]}}