{"id":5942,"date":"2021-11-22T17:32:50","date_gmt":"2021-11-22T16:32:50","guid":{"rendered":"https:\/\/wurlitzer-shop.de\/?post_type=product&#038;p=5942"},"modified":"2026-03-24T15:33:55","modified_gmt":"2026-03-24T14:33:55","slug":"stoff-lautsprechergrill-wurlitzer-princess","status":"publish","type":"product","link":"https:\/\/wurlitzer-shop.de\/fr\/shop\/omt-princess\/stoff-lautsprechergrill-wurlitzer-princess\/","title":{"rendered":"Toile de la grille &#8211; Wurlitzer Princess"},"content":{"rendered":"<p>Tissu d&rsquo;origine, d\u00e9coup\u00e9 pour remplacer le tissu au niveau de la calandre Tissu d&rsquo;origine, d\u00e9coup\u00e9 pour remplacer le tissu au niveau de la calandre <\/p>","protected":false},"excerpt":{"rendered":"<p>ttc, frais d\u00b4expedition es sus<\/p>\n<h6>voir la figure (13)<\/h6>\n<p>ttc, frais d\u00b4expedition es sus<\/p>\n<h6>voir la figure (13)<\/h6>\n","protected":false},"featured_media":1453,"template":"","meta":[],"product_cat":[22],"product_tag":[45,83],"_links":{"self":[{"href":"https:\/\/wurlitzer-shop.de\/fr\/wp-json\/wp\/v2\/product\/5942"}],"collection":[{"href":"https:\/\/wurlitzer-shop.de\/fr\/wp-json\/wp\/v2\/product"}],"about":[{"href":"https:\/\/wurlitzer-shop.de\/fr\/wp-json\/wp\/v2\/types\/product"}],"wp:featuredmedia":[{"embeddable":true,"href":"https:\/\/wurlitzer-shop.de\/fr\/wp-json\/wp\/v2\/media\/1453"}],"wp:attachment":[{"href":"https:\/\/wurlitzer-shop.de\/fr\/wp-json\/wp\/v2\/media?parent=5942"}],"wp:term":[{"taxonomy":"product_cat","embeddable":true,"href":"https:\/\/wurlitzer-shop.de\/fr\/wp-json\/wp\/v2\/product_cat?post=5942"},{"taxonomy":"product_tag","embeddable":true,"href":"https:\/\/wurlitzer-shop.de\/fr\/wp-json\/wp\/v2\/product_tag?post=5942"}],"curies":[{"name":"wp","href":"https:\/\/api.w.org\/{rel}","templated":true}]}}