{"id":6894,"date":"2022-11-05T17:18:31","date_gmt":"2022-11-05T16:18:31","guid":{"rendered":"https:\/\/wurlitzer-shop.de\/?post_type=product&#038;p=6894"},"modified":"2025-05-22T17:32:45","modified_gmt":"2025-05-22T15:32:45","slug":"soffittenlampe-f-wurlitzer-sl700-und-sl800","status":"publish","type":"product","link":"https:\/\/wurlitzer-shop.de\/fr\/shop\/jukeboxes-earlier-models\/soffittenlampe-f-wurlitzer-sl700-und-sl800\/","title":{"rendered":"Lampe pour Wurlitzer SL700 et SL800"},"content":{"rendered":"<p><span class=\"HwtZe\" lang=\"fr\"><span class=\"jCAhz ChMk0b\"><span class=\"ryNqvb\">dans la barre de lampe (pour chaussure lumineuse anim\u00e9e) Wurlitzer SL700 et SL800 et NSM l&rsquo;unit\u00e9 de cr\u00e9dit\u00a0 40\/I(jusqu&rsquo;\u00e0 1973\/1974)<\/span><\/span><\/span><\/p>","protected":false},"excerpt":{"rendered":"<p>dans la barre de lampe (pour chaussure lumineuse anim\u00e9e) Wurlitzer SL700 et SL800 et NSM l&rsquo;unit\u00e9 de cr\u00e9dit\u00a0 40\/I(jusqu&rsquo;\u00e0 1973\/1974)<\/p>\n","protected":false},"featured_media":0,"template":"","meta":[],"product_cat":[115],"product_tag":[],"_links":{"self":[{"href":"https:\/\/wurlitzer-shop.de\/fr\/wp-json\/wp\/v2\/product\/6894"}],"collection":[{"href":"https:\/\/wurlitzer-shop.de\/fr\/wp-json\/wp\/v2\/product"}],"about":[{"href":"https:\/\/wurlitzer-shop.de\/fr\/wp-json\/wp\/v2\/types\/product"}],"wp:attachment":[{"href":"https:\/\/wurlitzer-shop.de\/fr\/wp-json\/wp\/v2\/media?parent=6894"}],"wp:term":[{"taxonomy":"product_cat","embeddable":true,"href":"https:\/\/wurlitzer-shop.de\/fr\/wp-json\/wp\/v2\/product_cat?post=6894"},{"taxonomy":"product_tag","embeddable":true,"href":"https:\/\/wurlitzer-shop.de\/fr\/wp-json\/wp\/v2\/product_tag?post=6894"}],"curies":[{"name":"wp","href":"https:\/\/api.w.org\/{rel}","templated":true}]}}