{"id":748,"date":"2016-08-28T01:29:24","date_gmt":"2016-08-27T23:29:24","guid":{"rendered":"http:\/\/wurlitzer-shop.de\/?post_type=product&#038;p=748"},"modified":"2018-03-13T00:17:20","modified_gmt":"2018-03-12T23:17:20","slug":"chromzierteil-schnoerkel-rechts","status":"publish","type":"product","link":"https:\/\/wurlitzer-shop.de\/fr\/shop\/w850-peacock\/chromzierteil-schnoerkel-rechts\/","title":{"rendered":"Enjoliveur en milieu droit"},"content":{"rendered":"<p class=\"qtranxs-available-languages-message qtranxs-available-languages-message-fr\">D\u00e9sol\u00e9, cet article est seulement disponible en <a href=\"https:\/\/wurlitzer-shop.de\/de\/wp-json\/wp\/v2\/product\/748\" class=\"qtranxs-available-language-link qtranxs-available-language-link-de\" title=\"Deutsch\">Allemand<\/a> et <a href=\"https:\/\/wurlitzer-shop.de\/en\/wp-json\/wp\/v2\/product\/748\" class=\"qtranxs-available-language-link qtranxs-available-language-link-en\" title=\"English\">Anglais Am\u00e9ricain<\/a>. Pour le confort de l\u2019utilisateur, le contenu est affich\u00e9 ci-dessous dans la langue par d\u00e9faut du site. Vous pouvez cliquer l\u2019un des liens pour changer la langue du site en une autre langue disponible.<\/p><p>Die Chromteile f\u00fcr die Wurlitzer-Peacock sind alle aus Metall. Diese wurden nach den Originalen gefertigt und k\u00f6nnen daher auch f\u00fcr die originale Wurlitzer 850 von 1941 verwendet werden.<\/p>","protected":false},"excerpt":{"rendered":"<p>ttc, frais d\u00b4expedition en sus<\/p>\n<h6>voir la figure (25)<\/h6>\n","protected":false},"featured_media":1551,"template":"","meta":[],"product_cat":[23],"product_tag":[50,45,97],"_links":{"self":[{"href":"https:\/\/wurlitzer-shop.de\/fr\/wp-json\/wp\/v2\/product\/748"}],"collection":[{"href":"https:\/\/wurlitzer-shop.de\/fr\/wp-json\/wp\/v2\/product"}],"about":[{"href":"https:\/\/wurlitzer-shop.de\/fr\/wp-json\/wp\/v2\/types\/product"}],"wp:featuredmedia":[{"embeddable":true,"href":"https:\/\/wurlitzer-shop.de\/fr\/wp-json\/wp\/v2\/media\/1551"}],"wp:attachment":[{"href":"https:\/\/wurlitzer-shop.de\/fr\/wp-json\/wp\/v2\/media?parent=748"}],"wp:term":[{"taxonomy":"product_cat","embeddable":true,"href":"https:\/\/wurlitzer-shop.de\/fr\/wp-json\/wp\/v2\/product_cat?post=748"},{"taxonomy":"product_tag","embeddable":true,"href":"https:\/\/wurlitzer-shop.de\/fr\/wp-json\/wp\/v2\/product_tag?post=748"}],"curies":[{"name":"wp","href":"https:\/\/api.w.org\/{rel}","templated":true}]}}