{"id":771,"date":"2016-09-01T01:19:28","date_gmt":"2016-08-31T23:19:28","guid":{"rendered":"http:\/\/wurlitzer-shop.de\/?post_type=product&#038;p=771"},"modified":"2024-02-28T18:49:21","modified_gmt":"2024-02-28T17:49:21","slug":"steuerung-scc-cdm-4i-austausch","status":"publish","type":"product","link":"https:\/\/wurlitzer-shop.de\/fr\/shop\/wurlitzer-omt\/omt-technik\/steuerung-scc-cdm-4i-austausch\/","title":{"rendered":"Unit\u00e9 de controle CDM 4i &#8211; \u00e9change"},"content":{"rendered":"<p>Nous vous offrons cette pi\u00e8ce de rechange en exchange: <span class=\"HwtZe\" lang=\"fr\"><span class=\"jCAhz ChMk0b\"><span class=\"ryNqvb\">Veuillez nous envoyer d&rsquo;abord votre pi\u00e8ce d\u00e9fectueuse.<\/span><\/span> <span class=\"jCAhz ChMk0b\"><span class=\"ryNqvb\">Cela sera d&rsquo;abord v\u00e9rifi\u00e9 par nos soins et si cet appareil peut \u00eatre r\u00e9par\u00e9, vous recevrez un S&amp;CC r\u00e9vis\u00e9 et fonctionnel.<\/span><\/span><\/span><\/p>\n<p><\/p>","protected":false},"excerpt":{"rendered":"<p>ttc, frais d\u00b4expedition es sus<\/p>\n<h6>voir la figure (10)<\/h6>\n","protected":false},"featured_media":1306,"template":"","meta":[],"product_cat":[52,27,79,22,23,24,25],"product_tag":[119,45],"_links":{"self":[{"href":"https:\/\/wurlitzer-shop.de\/fr\/wp-json\/wp\/v2\/product\/771"}],"collection":[{"href":"https:\/\/wurlitzer-shop.de\/fr\/wp-json\/wp\/v2\/product"}],"about":[{"href":"https:\/\/wurlitzer-shop.de\/fr\/wp-json\/wp\/v2\/types\/product"}],"wp:featuredmedia":[{"embeddable":true,"href":"https:\/\/wurlitzer-shop.de\/fr\/wp-json\/wp\/v2\/media\/1306"}],"wp:attachment":[{"href":"https:\/\/wurlitzer-shop.de\/fr\/wp-json\/wp\/v2\/media?parent=771"}],"wp:term":[{"taxonomy":"product_cat","embeddable":true,"href":"https:\/\/wurlitzer-shop.de\/fr\/wp-json\/wp\/v2\/product_cat?post=771"},{"taxonomy":"product_tag","embeddable":true,"href":"https:\/\/wurlitzer-shop.de\/fr\/wp-json\/wp\/v2\/product_tag?post=771"}],"curies":[{"name":"wp","href":"https:\/\/api.w.org\/{rel}","templated":true}]}}