{"id":772,"date":"2016-09-01T01:26:12","date_gmt":"2016-08-31T23:26:12","guid":{"rendered":"http:\/\/wurlitzer-shop.de\/?post_type=product&#038;p=772"},"modified":"2020-11-10T01:17:04","modified_gmt":"2020-11-10T00:17:04","slug":"steuerung-scc-vinyl","status":"publish","type":"product","link":"https:\/\/wurlitzer-shop.de\/fr\/shop\/wurlitzer-omt-vinyl\/steuerung-scc-vinyl\/","title":{"rendered":"Unit\u00e9 de controle &#8211; OMT-Vinyl"},"content":{"rendered":"<p><\/p>\n<div class=\"text-wrap tlid-copy-target\">\n<div class=\"result-shield-container tlid-copy-target\" tabindex=\"0\"><span class=\"tlid-translation translation\" lang=\"fr\"><span class=\"\" title=\"\">Nous proposons un nouvel ordinateur pour les jukebox en vinyle Wurlitzer. Ils ont \u00e9t\u00e9 test\u00e9s avant d&rsquo;\u00eatre exp\u00e9di\u00e9s \u00e0 coup s\u00fbr.<\/span><\/span><\/div>\n<\/div>\n<div class=\"tlid-result-transliteration-container result-transliteration-container transliteration-container\">\n<div class=\"tlid-transliteration-content transliteration-content full\"><\/div>\n<\/div>\n<p><\/p>","protected":false},"excerpt":{"rendered":"<p>ttc, frais d\u00b4expedition es sus<\/p>\n","protected":false},"featured_media":4717,"template":"","meta":[],"product_cat":[69,115],"product_tag":[],"_links":{"self":[{"href":"https:\/\/wurlitzer-shop.de\/fr\/wp-json\/wp\/v2\/product\/772"}],"collection":[{"href":"https:\/\/wurlitzer-shop.de\/fr\/wp-json\/wp\/v2\/product"}],"about":[{"href":"https:\/\/wurlitzer-shop.de\/fr\/wp-json\/wp\/v2\/types\/product"}],"wp:featuredmedia":[{"embeddable":true,"href":"https:\/\/wurlitzer-shop.de\/fr\/wp-json\/wp\/v2\/media\/4717"}],"wp:attachment":[{"href":"https:\/\/wurlitzer-shop.de\/fr\/wp-json\/wp\/v2\/media?parent=772"}],"wp:term":[{"taxonomy":"product_cat","embeddable":true,"href":"https:\/\/wurlitzer-shop.de\/fr\/wp-json\/wp\/v2\/product_cat?post=772"},{"taxonomy":"product_tag","embeddable":true,"href":"https:\/\/wurlitzer-shop.de\/fr\/wp-json\/wp\/v2\/product_tag?post=772"}],"curies":[{"name":"wp","href":"https:\/\/api.w.org\/{rel}","templated":true}]}}