{"id":790,"date":"2016-09-02T16:49:34","date_gmt":"2016-09-02T14:49:34","guid":{"rendered":"http:\/\/wurlitzer-shop.de\/?post_type=product&#038;p=790"},"modified":"2024-02-21T15:39:48","modified_gmt":"2024-02-21T14:39:48","slug":"kassensack-2","status":"publish","type":"product","link":"https:\/\/wurlitzer-shop.de\/fr\/shop\/andere-modelle\/new-york-las-vegas-casino-rainbow-etc\/kassensack-2\/","title":{"rendered":"Sac de caisse"},"content":{"rendered":"<p>Le sac de caisse est faite de tissu et a \u00e9t\u00e9 utilis\u00e9 dans le OMT Vinyl et dans tous les jukebox Deutsche Wurlitzer de l&rsquo;ann\u00e9e 1975. Caisse pour OMT-CD voir article # 41481.<\/p>","protected":false},"excerpt":{"rendered":"<p>ttc, frais d\u00b4expedition es sus<\/p>\n<h6>voir la figure (8)<\/h6>\n","protected":false},"featured_media":1293,"template":"","meta":[],"product_cat":[69,25,108,115],"product_tag":[62],"_links":{"self":[{"href":"https:\/\/wurlitzer-shop.de\/fr\/wp-json\/wp\/v2\/product\/790"}],"collection":[{"href":"https:\/\/wurlitzer-shop.de\/fr\/wp-json\/wp\/v2\/product"}],"about":[{"href":"https:\/\/wurlitzer-shop.de\/fr\/wp-json\/wp\/v2\/types\/product"}],"wp:featuredmedia":[{"embeddable":true,"href":"https:\/\/wurlitzer-shop.de\/fr\/wp-json\/wp\/v2\/media\/1293"}],"wp:attachment":[{"href":"https:\/\/wurlitzer-shop.de\/fr\/wp-json\/wp\/v2\/media?parent=790"}],"wp:term":[{"taxonomy":"product_cat","embeddable":true,"href":"https:\/\/wurlitzer-shop.de\/fr\/wp-json\/wp\/v2\/product_cat?post=790"},{"taxonomy":"product_tag","embeddable":true,"href":"https:\/\/wurlitzer-shop.de\/fr\/wp-json\/wp\/v2\/product_tag?post=790"}],"curies":[{"name":"wp","href":"https:\/\/api.w.org\/{rel}","templated":true}]}}