{"id":823,"date":"2016-09-08T01:25:59","date_gmt":"2016-09-07T23:25:59","guid":{"rendered":"http:\/\/wurlitzer-shop.de\/?post_type=product&#038;p=823"},"modified":"2019-12-02T00:27:57","modified_gmt":"2019-12-01T23:27:57","slug":"verstaerker-i-84-omt-vinyl","status":"publish","type":"product","link":"https:\/\/wurlitzer-shop.de\/fr\/shop\/wurlitzer-omt\/omt-technik\/verstaerker-i-84-omt-vinyl\/","title":{"rendered":"Amplificateur I-84 pour OMT-Vinyl -remani\u00e9"},"content":{"rendered":"<p>Nous vous offrons cette pi\u00e8ce de rechange en exchange:<\/p>\n<p>Pour que nous avons besoin de v\u00f4tre pi\u00e8ce defecteuse.<\/p>\n<p>Puis vous recevrez un pi\u00e8ce r\u00e9par\u00e9e et totalement en fonction.<\/p>","protected":false},"excerpt":{"rendered":"<p>ttc, frais d\u00b4expedition en sus<\/p>\n<h6>voir la figure (24)<\/h6>\n","protected":false},"featured_media":813,"template":"","meta":[],"product_cat":[52,27,81,69],"product_tag":[63,80],"_links":{"self":[{"href":"https:\/\/wurlitzer-shop.de\/fr\/wp-json\/wp\/v2\/product\/823"}],"collection":[{"href":"https:\/\/wurlitzer-shop.de\/fr\/wp-json\/wp\/v2\/product"}],"about":[{"href":"https:\/\/wurlitzer-shop.de\/fr\/wp-json\/wp\/v2\/types\/product"}],"wp:featuredmedia":[{"embeddable":true,"href":"https:\/\/wurlitzer-shop.de\/fr\/wp-json\/wp\/v2\/media\/813"}],"wp:attachment":[{"href":"https:\/\/wurlitzer-shop.de\/fr\/wp-json\/wp\/v2\/media?parent=823"}],"wp:term":[{"taxonomy":"product_cat","embeddable":true,"href":"https:\/\/wurlitzer-shop.de\/fr\/wp-json\/wp\/v2\/product_cat?post=823"},{"taxonomy":"product_tag","embeddable":true,"href":"https:\/\/wurlitzer-shop.de\/fr\/wp-json\/wp\/v2\/product_tag?post=823"}],"curies":[{"name":"wp","href":"https:\/\/api.w.org\/{rel}","templated":true}]}}