{"id":845,"date":"2016-09-08T02:03:31","date_gmt":"2016-09-08T00:03:31","guid":{"rendered":"http:\/\/wurlitzer-shop.de\/?post_type=product&#038;p=845"},"modified":"2023-07-24T00:35:10","modified_gmt":"2023-07-23T22:35:10","slug":"grillemblem-stern-bedruckt","status":"publish","type":"product","link":"https:\/\/wurlitzer-shop.de\/fr\/shop\/wurlitzer-omt\/omt-gehaeuse\/grillemblem-stern-bedruckt\/","title":{"rendered":"Vitre avec impres, \u00e9toile"},"content":{"rendered":"<p><span class=\"HwtZe\" lang=\"fr\"><span class=\"jCAhz ChMk0b\"><span class=\"ryNqvb\">Nous proposons l&#8217;embl\u00e8me du gril dans la version originale telle qu&rsquo;utilis\u00e9e par Deutsche Wurlitzer dans les mod\u00e8les One More Time.<\/span><\/span> <span class=\"jCAhz ChMk0b\"><span class=\"ryNqvb\">L&rsquo;\u00e9toile est un design diff\u00e9rent de l&#8217;embl\u00e8me du Wurlitzer 1015 original des ann\u00e9es 1940!<\/span><\/span><\/span><\/p>\n<p><\/p>","protected":false},"excerpt":{"rendered":"<p>ttc, frais d\u00b4expedition en sus<\/p>\n<h6>voir la figure (3)<\/h6>\n","protected":false},"featured_media":1254,"template":"","meta":[],"product_cat":[52,26,31],"product_tag":[55,45],"_links":{"self":[{"href":"https:\/\/wurlitzer-shop.de\/fr\/wp-json\/wp\/v2\/product\/845"}],"collection":[{"href":"https:\/\/wurlitzer-shop.de\/fr\/wp-json\/wp\/v2\/product"}],"about":[{"href":"https:\/\/wurlitzer-shop.de\/fr\/wp-json\/wp\/v2\/types\/product"}],"wp:featuredmedia":[{"embeddable":true,"href":"https:\/\/wurlitzer-shop.de\/fr\/wp-json\/wp\/v2\/media\/1254"}],"wp:attachment":[{"href":"https:\/\/wurlitzer-shop.de\/fr\/wp-json\/wp\/v2\/media?parent=845"}],"wp:term":[{"taxonomy":"product_cat","embeddable":true,"href":"https:\/\/wurlitzer-shop.de\/fr\/wp-json\/wp\/v2\/product_cat?post=845"},{"taxonomy":"product_tag","embeddable":true,"href":"https:\/\/wurlitzer-shop.de\/fr\/wp-json\/wp\/v2\/product_tag?post=845"}],"curies":[{"name":"wp","href":"https:\/\/api.w.org\/{rel}","templated":true}]}}