{"id":856,"date":"2016-09-09T01:11:50","date_gmt":"2016-09-08T23:11:50","guid":{"rendered":"http:\/\/wurlitzer-shop.de\/?post_type=product&#038;p=856"},"modified":"2025-11-14T18:47:51","modified_gmt":"2025-11-14T17:47:51","slug":"tonsystem-dj-birdie","status":"publish","type":"product","link":"https:\/\/wurlitzer-shop.de\/fr\/shop\/wurlitzer-omt-vinyl\/tonsystem-dj-birdie\/","title":{"rendered":"Syst\u00e8me st\u00e9r\u00e9o (DJ-Birdie)"},"content":{"rendered":"<p><span class=\"HwtZe\" lang=\"fr\"><span class=\"jCAhz ChMk0b\"><span class=\"ryNqvb\">Ce produit n&rsquo;est plus disponible \u2013 nous vous proposerons prochainement un excellent nouveau syst\u00e8me de ramassage.<\/span><\/span><\/span><\/p>\n<p><\/p>","protected":false},"excerpt":{"rendered":"<p>ttc, frais d\u00b4expedition en sus<\/p>\n<h6>voir la figure<\/h6>\n","protected":false},"featured_media":1297,"template":"","meta":[],"product_cat":[69],"product_tag":[45,87],"_links":{"self":[{"href":"https:\/\/wurlitzer-shop.de\/fr\/wp-json\/wp\/v2\/product\/856"}],"collection":[{"href":"https:\/\/wurlitzer-shop.de\/fr\/wp-json\/wp\/v2\/product"}],"about":[{"href":"https:\/\/wurlitzer-shop.de\/fr\/wp-json\/wp\/v2\/types\/product"}],"wp:featuredmedia":[{"embeddable":true,"href":"https:\/\/wurlitzer-shop.de\/fr\/wp-json\/wp\/v2\/media\/1297"}],"wp:attachment":[{"href":"https:\/\/wurlitzer-shop.de\/fr\/wp-json\/wp\/v2\/media?parent=856"}],"wp:term":[{"taxonomy":"product_cat","embeddable":true,"href":"https:\/\/wurlitzer-shop.de\/fr\/wp-json\/wp\/v2\/product_cat?post=856"},{"taxonomy":"product_tag","embeddable":true,"href":"https:\/\/wurlitzer-shop.de\/fr\/wp-json\/wp\/v2\/product_tag?post=856"}],"curies":[{"name":"wp","href":"https:\/\/api.w.org\/{rel}","templated":true}]}}