{"id":8796,"date":"2024-10-12T20:39:59","date_gmt":"2024-10-12T18:39:59","guid":{"rendered":"https:\/\/wurlitzer-shop.de\/?post_type=product&#038;p=8796"},"modified":"2025-03-23T16:58:32","modified_gmt":"2025-03-23T15:58:32","slug":"tastatur-omt-vinyl-vollstaendig-im-austausch","status":"publish","type":"product","link":"https:\/\/wurlitzer-shop.de\/fr\/shop\/wurlitzer-omt-vinyl\/tastatur-omt-vinyl-vollstaendig-im-austausch\/","title":{"rendered":"Clavier &#8211; OMT-Vinyl, compl.\/ echang\u00e9"},"content":{"rendered":"<p>Nous vous offrons cette pi\u00e8ce de rechange en exchange:<\/p>\n<p>Pour que nous avons besoin de v\u00f4tre pi\u00e8ce defecteuse.<\/p>\n<p>Puis vous recevrez un pi\u00e8ce r\u00e9par\u00e9e et totalement en fonction.<\/p>\n<p><\/p>","protected":false},"excerpt":{"rendered":"<p>ttc, frais d\u00b4expedition en sus<\/p>\n<h6>voir la figure<\/h6>\n<p>&nbsp;<\/p>\n","protected":false},"featured_media":0,"template":"","meta":[],"product_cat":[69],"product_tag":[45,64,46],"_links":{"self":[{"href":"https:\/\/wurlitzer-shop.de\/fr\/wp-json\/wp\/v2\/product\/8796"}],"collection":[{"href":"https:\/\/wurlitzer-shop.de\/fr\/wp-json\/wp\/v2\/product"}],"about":[{"href":"https:\/\/wurlitzer-shop.de\/fr\/wp-json\/wp\/v2\/types\/product"}],"wp:attachment":[{"href":"https:\/\/wurlitzer-shop.de\/fr\/wp-json\/wp\/v2\/media?parent=8796"}],"wp:term":[{"taxonomy":"product_cat","embeddable":true,"href":"https:\/\/wurlitzer-shop.de\/fr\/wp-json\/wp\/v2\/product_cat?post=8796"},{"taxonomy":"product_tag","embeddable":true,"href":"https:\/\/wurlitzer-shop.de\/fr\/wp-json\/wp\/v2\/product_tag?post=8796"}],"curies":[{"name":"wp","href":"https:\/\/api.w.org\/{rel}","templated":true}]}}